{"id":3044,"date":"2020-06-25T12:56:40","date_gmt":"2022-02-01T13:01:00","guid":{"rendered":"https:\/\/www.hazadellino.com\/?post_type=product&#038;p=3044"},"modified":"2025-12-02T17:50:43","modified_gmt":"2025-12-02T16:50:43","slug":"ollero-crianza-2","status":"publish","type":"product","link":"https:\/\/www.hazadellino.com\/en\/la-alpujarra\/ollero-crianza-2\/","title":{"rendered":"Ollero Crianza Monovarietal de Syrah"},"content":{"rendered":"<p>Nuestro vino tinto 2022 ha pasado 12 meses en barrica y otros 12 meses en botella, dando como resultado un vino con un car\u00e1cter intenso y un rico color rojo oscuro profundo. Con un 14% de alcohol y un equilibrio de taninos y acidez medios, ofrece un aroma a frutas maduras como grosellas, violetas, moras silvestres y frambuesas, con toques de cardamomo.<\/p>\n<p>La textura es sedosa y envolvente, lo que hace que este vino sea ideal para maridar con carnes asadas y quesos a\u00f1ejos. Con solo 2,000 botellas producidas y elaborado con m\u00e9todos ecol\u00f3gicos, es una opci\u00f3n exclusiva para los amantes del buen vino.<\/p>","protected":false},"excerpt":{"rendered":"<p>Nuestro vino tinto 2022 ha pasado 12 meses en barrica y otros 12 meses en botella, dando como resultado un vino con un car\u00e1cter intenso y un rico color rojo oscuro profundo. Con un 14% de alcohol y un equilibrio de taninos y acidez medios, ofrece un aroma a frutas maduras como grosellas, violetas, moras [&hellip;]<\/p>\n","protected":false},"featured_media":4520,"template":"","meta":{"_mbp_gutenberg_autopost":false},"product_brand":[],"product_cat":[170,167,142],"product_tag":[],"class_list":{"0":"post-3044","1":"product","2":"type-product","3":"status-publish","4":"has-post-thumbnail","6":"product_cat-ecologico","7":"product_cat-tinto","8":"product_cat-vinos","10":"first","11":"instock","12":"taxable","13":"shipping-taxable","14":"purchasable","15":"product-type-variable"},"yoast_head":"<!-- This site is optimized with the Yoast SEO plugin v27.4 - https:\/\/yoast.com\/product\/yoast-seo-wordpress\/ -->\n<title>Ollero Crianza Monovarietal de Syrah - Restaurante &amp; Bodega Haza del Lino<\/title>\n<meta name=\"robots\" content=\"index, follow, max-snippet:-1, max-image-preview:large, max-video-preview:-1\" \/>\n<link rel=\"canonical\" href=\"https:\/\/www.hazadellino.com\/en\/la-alpujarra\/ollero-crianza-2\/\" \/>\n<meta property=\"og:locale\" content=\"en_GB\" \/>\n<meta property=\"og:type\" content=\"article\" \/>\n<meta property=\"og:title\" content=\"Ollero Crianza Monovarietal de Syrah - Restaurante &amp; Bodega Haza del Lino\" \/>\n<meta property=\"og:description\" content=\"Nuestro vino tinto 2022 ha pasado 12 meses en barrica y otros 12 meses en botella, dando como resultado un vino con un car\u00e1cter intenso y un rico color rojo oscuro profundo. Con un 14% de alcohol y un equilibrio de taninos y acidez medios, ofrece un aroma a frutas maduras como grosellas, violetas, moras [&hellip;]\" \/>\n<meta property=\"og:url\" content=\"https:\/\/www.hazadellino.com\/en\/la-alpujarra\/ollero-crianza-2\/\" \/>\n<meta property=\"og:site_name\" content=\"Restaurante &amp; Bodega Haza del Lino\" \/>\n<meta property=\"article:modified_time\" content=\"2025-12-02T16:50:43+00:00\" \/>\n<meta property=\"og:image\" content=\"https:\/\/www.hazadellino.com\/wp-content\/uploads\/2020\/06\/ollero_crianza.png\" \/>\n\t<meta property=\"og:image:width\" content=\"540\" \/>\n\t<meta property=\"og:image:height\" content=\"540\" \/>\n\t<meta property=\"og:image:type\" content=\"image\/png\" \/>\n<meta name=\"twitter:card\" content=\"summary_large_image\" \/>\n<meta name=\"twitter:label1\" content=\"Estimated reading time\" \/>\n\t<meta name=\"twitter:data1\" content=\"1 minute\" \/>\n<script type=\"application\/ld+json\" class=\"yoast-schema-graph\">{\"@context\":\"https:\\\/\\\/schema.org\",\"@graph\":[{\"@type\":\"WebPage\",\"@id\":\"https:\\\/\\\/www.hazadellino.com\\\/la-alpujarra\\\/ollero-crianza-2\\\/\",\"url\":\"https:\\\/\\\/www.hazadellino.com\\\/la-alpujarra\\\/ollero-crianza-2\\\/\",\"name\":\"Ollero Crianza Monovarietal de Syrah - Restaurante &amp; Bodega Haza del Lino\",\"isPartOf\":{\"@id\":\"https:\\\/\\\/www.hazadellino.com\\\/#website\"},\"primaryImageOfPage\":{\"@id\":\"https:\\\/\\\/www.hazadellino.com\\\/la-alpujarra\\\/ollero-crianza-2\\\/#primaryimage\"},\"image\":{\"@id\":\"https:\\\/\\\/www.hazadellino.com\\\/la-alpujarra\\\/ollero-crianza-2\\\/#primaryimage\"},\"thumbnailUrl\":\"https:\\\/\\\/www.hazadellino.com\\\/wp-content\\\/uploads\\\/2020\\\/06\\\/ollero_crianza.png\",\"datePublished\":\"2022-02-01T13:01:00+00:00\",\"dateModified\":\"2025-12-02T16:50:43+00:00\",\"breadcrumb\":{\"@id\":\"https:\\\/\\\/www.hazadellino.com\\\/la-alpujarra\\\/ollero-crianza-2\\\/#breadcrumb\"},\"inLanguage\":\"en-GB\",\"potentialAction\":[{\"@type\":\"ReadAction\",\"target\":[\"https:\\\/\\\/www.hazadellino.com\\\/la-alpujarra\\\/ollero-crianza-2\\\/\"]}]},{\"@type\":\"ImageObject\",\"inLanguage\":\"en-GB\",\"@id\":\"https:\\\/\\\/www.hazadellino.com\\\/la-alpujarra\\\/ollero-crianza-2\\\/#primaryimage\",\"url\":\"https:\\\/\\\/www.hazadellino.com\\\/wp-content\\\/uploads\\\/2020\\\/06\\\/ollero_crianza.png\",\"contentUrl\":\"https:\\\/\\\/www.hazadellino.com\\\/wp-content\\\/uploads\\\/2020\\\/06\\\/ollero_crianza.png\",\"width\":540,\"height\":540},{\"@type\":\"BreadcrumbList\",\"@id\":\"https:\\\/\\\/www.hazadellino.com\\\/la-alpujarra\\\/ollero-crianza-2\\\/#breadcrumb\",\"itemListElement\":[{\"@type\":\"ListItem\",\"position\":1,\"name\":\"Portada\",\"item\":\"https:\\\/\\\/www.hazadellino.com\\\/\"},{\"@type\":\"ListItem\",\"position\":2,\"name\":\"Tienda Haza del Lino\",\"item\":\"https:\\\/\\\/www.hazadellino.com\\\/tienda-haza-del-lino\\\/\"},{\"@type\":\"ListItem\",\"position\":3,\"name\":\"Ollero Crianza Monovarietal de Syrah\"}]},{\"@type\":\"WebSite\",\"@id\":\"https:\\\/\\\/www.hazadellino.com\\\/#website\",\"url\":\"https:\\\/\\\/www.hazadellino.com\\\/\",\"name\":\"Restaurante &amp; Bodega Haza del Lino\",\"description\":\"Pasea por los sabores y paisajes &uacute;nicos de la Alpujarra con Haza del Lino. Descubrir la aut&eacute;ntica esencia culinaria y vin&iacute;cola de esta regi&oacute;n ic&oacute;nica.\",\"publisher\":{\"@id\":\"https:\\\/\\\/www.hazadellino.com\\\/#organization\"},\"potentialAction\":[{\"@type\":\"SearchAction\",\"target\":{\"@type\":\"EntryPoint\",\"urlTemplate\":\"https:\\\/\\\/www.hazadellino.com\\\/?s={search_term_string}\"},\"query-input\":{\"@type\":\"PropertyValueSpecification\",\"valueRequired\":true,\"valueName\":\"search_term_string\"}}],\"inLanguage\":\"en-GB\"},{\"@type\":\"Organization\",\"@id\":\"https:\\\/\\\/www.hazadellino.com\\\/#organization\",\"name\":\"Restaurante &amp; Bodega Haza del Lino\",\"url\":\"https:\\\/\\\/www.hazadellino.com\\\/\",\"logo\":{\"@type\":\"ImageObject\",\"inLanguage\":\"en-GB\",\"@id\":\"https:\\\/\\\/www.hazadellino.com\\\/#\\\/schema\\\/logo\\\/image\\\/\",\"url\":\"https:\\\/\\\/www.hazadellino.com\\\/wp-content\\\/uploads\\\/2020\\\/03\\\/cropped-logotipo_haza-del-lino@2x.png\",\"contentUrl\":\"https:\\\/\\\/www.hazadellino.com\\\/wp-content\\\/uploads\\\/2020\\\/03\\\/cropped-logotipo_haza-del-lino@2x.png\",\"width\":512,\"height\":512,\"caption\":\"Restaurante &amp; Bodega Haza del Lino\"},\"image\":{\"@id\":\"https:\\\/\\\/www.hazadellino.com\\\/#\\\/schema\\\/logo\\\/image\\\/\"}}]}<\/script>\n<!-- \/ Yoast SEO plugin. -->","yoast_head_json":{"title":"Ollero Crianza Monovarietal de Syrah - Restaurante &amp; Bodega Haza del Lino","robots":{"index":"index","follow":"follow","max-snippet":"max-snippet:-1","max-image-preview":"max-image-preview:large","max-video-preview":"max-video-preview:-1"},"canonical":"https:\/\/www.hazadellino.com\/en\/la-alpujarra\/ollero-crianza-2\/","og_locale":"en_GB","og_type":"article","og_title":"Ollero Crianza Monovarietal de Syrah - Restaurante &amp; Bodega Haza del Lino","og_description":"Nuestro vino tinto 2022 ha pasado 12 meses en barrica y otros 12 meses en botella, dando como resultado un vino con un car\u00e1cter intenso y un rico color rojo oscuro profundo. Con un 14% de alcohol y un equilibrio de taninos y acidez medios, ofrece un aroma a frutas maduras como grosellas, violetas, moras [&hellip;]","og_url":"https:\/\/www.hazadellino.com\/en\/la-alpujarra\/ollero-crianza-2\/","og_site_name":"Restaurante &amp; Bodega Haza del Lino","article_modified_time":"2025-12-02T16:50:43+00:00","og_image":[{"width":540,"height":540,"url":"https:\/\/www.hazadellino.com\/wp-content\/uploads\/2020\/06\/ollero_crianza.png","type":"image\/png"}],"twitter_card":"summary_large_image","twitter_misc":{"Estimated reading time":"1 minute"},"schema":{"@context":"https:\/\/schema.org","@graph":[{"@type":"WebPage","@id":"https:\/\/www.hazadellino.com\/la-alpujarra\/ollero-crianza-2\/","url":"https:\/\/www.hazadellino.com\/la-alpujarra\/ollero-crianza-2\/","name":"Ollero Crianza Monovarietal de Syrah - Restaurante &amp; Bodega Haza del Lino","isPartOf":{"@id":"https:\/\/www.hazadellino.com\/#website"},"primaryImageOfPage":{"@id":"https:\/\/www.hazadellino.com\/la-alpujarra\/ollero-crianza-2\/#primaryimage"},"image":{"@id":"https:\/\/www.hazadellino.com\/la-alpujarra\/ollero-crianza-2\/#primaryimage"},"thumbnailUrl":"https:\/\/www.hazadellino.com\/wp-content\/uploads\/2020\/06\/ollero_crianza.png","datePublished":"2022-02-01T13:01:00+00:00","dateModified":"2025-12-02T16:50:43+00:00","breadcrumb":{"@id":"https:\/\/www.hazadellino.com\/la-alpujarra\/ollero-crianza-2\/#breadcrumb"},"inLanguage":"en-GB","potentialAction":[{"@type":"ReadAction","target":["https:\/\/www.hazadellino.com\/la-alpujarra\/ollero-crianza-2\/"]}]},{"@type":"ImageObject","inLanguage":"en-GB","@id":"https:\/\/www.hazadellino.com\/la-alpujarra\/ollero-crianza-2\/#primaryimage","url":"https:\/\/www.hazadellino.com\/wp-content\/uploads\/2020\/06\/ollero_crianza.png","contentUrl":"https:\/\/www.hazadellino.com\/wp-content\/uploads\/2020\/06\/ollero_crianza.png","width":540,"height":540},{"@type":"BreadcrumbList","@id":"https:\/\/www.hazadellino.com\/la-alpujarra\/ollero-crianza-2\/#breadcrumb","itemListElement":[{"@type":"ListItem","position":1,"name":"Portada","item":"https:\/\/www.hazadellino.com\/"},{"@type":"ListItem","position":2,"name":"Tienda Haza del Lino","item":"https:\/\/www.hazadellino.com\/tienda-haza-del-lino\/"},{"@type":"ListItem","position":3,"name":"Ollero Crianza Monovarietal de Syrah"}]},{"@type":"WebSite","@id":"https:\/\/www.hazadellino.com\/#website","url":"https:\/\/www.hazadellino.com\/","name":"Restaurante &amp; Bodega Haza del Lino","description":"Pasea por los sabores y paisajes &uacute;nicos de la Alpujarra con Haza del Lino. Descubrir la aut&eacute;ntica esencia culinaria y vin&iacute;cola de esta regi&oacute;n ic&oacute;nica.","publisher":{"@id":"https:\/\/www.hazadellino.com\/#organization"},"potentialAction":[{"@type":"SearchAction","target":{"@type":"EntryPoint","urlTemplate":"https:\/\/www.hazadellino.com\/?s={search_term_string}"},"query-input":{"@type":"PropertyValueSpecification","valueRequired":true,"valueName":"search_term_string"}}],"inLanguage":"en-GB"},{"@type":"Organization","@id":"https:\/\/www.hazadellino.com\/#organization","name":"Restaurante &amp; Bodega Haza del Lino","url":"https:\/\/www.hazadellino.com\/","logo":{"@type":"ImageObject","inLanguage":"en-GB","@id":"https:\/\/www.hazadellino.com\/#\/schema\/logo\/image\/","url":"https:\/\/www.hazadellino.com\/wp-content\/uploads\/2020\/03\/cropped-logotipo_haza-del-lino@2x.png","contentUrl":"https:\/\/www.hazadellino.com\/wp-content\/uploads\/2020\/03\/cropped-logotipo_haza-del-lino@2x.png","width":512,"height":512,"caption":"Restaurante &amp; Bodega Haza del Lino"},"image":{"@id":"https:\/\/www.hazadellino.com\/#\/schema\/logo\/image\/"}}]}},"_links":{"self":[{"href":"https:\/\/www.hazadellino.com\/en\/wp-json\/wp\/v2\/product\/3044","targetHints":{"allow":["GET"]}}],"collection":[{"href":"https:\/\/www.hazadellino.com\/en\/wp-json\/wp\/v2\/product"}],"about":[{"href":"https:\/\/www.hazadellino.com\/en\/wp-json\/wp\/v2\/types\/product"}],"version-history":[{"count":5,"href":"https:\/\/www.hazadellino.com\/en\/wp-json\/wp\/v2\/product\/3044\/revisions"}],"predecessor-version":[{"id":4460,"href":"https:\/\/www.hazadellino.com\/en\/wp-json\/wp\/v2\/product\/3044\/revisions\/4460"}],"wp:featuredmedia":[{"embeddable":true,"href":"https:\/\/www.hazadellino.com\/en\/wp-json\/wp\/v2\/media\/4520"}],"wp:attachment":[{"href":"https:\/\/www.hazadellino.com\/en\/wp-json\/wp\/v2\/media?parent=3044"}],"wp:term":[{"taxonomy":"product_brand","embeddable":true,"href":"https:\/\/www.hazadellino.com\/en\/wp-json\/wp\/v2\/product_brand?post=3044"},{"taxonomy":"product_cat","embeddable":true,"href":"https:\/\/www.hazadellino.com\/en\/wp-json\/wp\/v2\/product_cat?post=3044"},{"taxonomy":"product_tag","embeddable":true,"href":"https:\/\/www.hazadellino.com\/en\/wp-json\/wp\/v2\/product_tag?post=3044"}],"curies":[{"name":"wp","href":"https:\/\/api.w.org\/{rel}","templated":true}]}}