{"id":88,"date":"2020-03-23T11:03:21","date_gmt":"2020-03-23T11:03:21","guid":{"rendered":"https:\/\/www.hazadellino.com\/?page_id=88"},"modified":"2024-03-05T17:51:53","modified_gmt":"2024-03-05T16:51:53","slug":"entorno","status":"publish","type":"page","link":"https:\/\/www.hazadellino.com\/en\/entorno\/","title":{"rendered":"Environment"},"content":{"rendered":"<div data-elementor-type=\"wp-page\" data-elementor-id=\"88\" class=\"elementor elementor-88\" data-elementor-post-type=\"page\">\n\t\t\t\t\t\t<section class=\"elementor-section elementor-top-section elementor-element elementor-element-6afbfbb elementor-section-boxed elementor-section-height-default elementor-section-height-default\" data-id=\"6afbfbb\" data-element_type=\"section\" data-e-type=\"section\">\n\t\t\t\t\t\t<div class=\"elementor-container elementor-column-gap-default\">\n\t\t\t\t\t<div class=\"elementor-column elementor-col-100 elementor-top-column elementor-element elementor-element-76073c5\" data-id=\"76073c5\" data-element_type=\"column\" data-e-type=\"column\">\n\t\t\t<div class=\"elementor-widget-wrap elementor-element-populated\">\n\t\t\t\t\t\t<section class=\"elementor-section elementor-inner-section elementor-element elementor-element-590f0f5 elementor-section-boxed elementor-section-height-default elementor-section-height-default\" data-id=\"590f0f5\" data-element_type=\"section\" data-e-type=\"section\">\n\t\t\t\t\t\t<div class=\"elementor-container elementor-column-gap-default\">\n\t\t\t\t\t<div class=\"elementor-column elementor-col-50 elementor-inner-column elementor-element elementor-element-bd5da46 elementor-hidden-tablet elementor-hidden-phone\" data-id=\"bd5da46\" data-element_type=\"column\" data-e-type=\"column\">\n\t\t\t<div class=\"elementor-widget-wrap elementor-element-populated\">\n\t\t\t\t\t\t<div class=\"elementor-element elementor-element-0a97e1d animated-slow elementor-invisible elementor-widget elementor-widget-image\" data-id=\"0a97e1d\" data-element_type=\"widget\" data-e-type=\"widget\" data-settings=\"{&quot;_animation&quot;:&quot;fadeIn&quot;,&quot;_animation_delay&quot;:300}\" data-widget_type=\"image.default\">\n\t\t\t\t<div class=\"elementor-widget-container\">\n\t\t\t\t\t\t\t\t\t\t\t\t\t\t\t<img fetchpriority=\"high\" decoding=\"async\" width=\"376\" height=\"377\" src=\"https:\/\/www.hazadellino.com\/wp-content\/uploads\/2020\/04\/sierra-controvesia-hazadel-lino.jpg\" class=\"attachment-full size-full wp-image-1237\" alt=\"\" srcset=\"https:\/\/www.hazadellino.com\/wp-content\/uploads\/2020\/04\/sierra-controvesia-hazadel-lino.jpg 376w, https:\/\/www.hazadellino.com\/wp-content\/uploads\/2020\/04\/sierra-controvesia-hazadel-lino-300x300.jpg 300w, https:\/\/www.hazadellino.com\/wp-content\/uploads\/2020\/04\/sierra-controvesia-hazadel-lino-100x100.jpg 100w, https:\/\/www.hazadellino.com\/wp-content\/uploads\/2020\/04\/sierra-controvesia-hazadel-lino-150x150.jpg 150w\" sizes=\"(max-width: 376px) 100vw, 376px\" \/>\t\t\t\t\t\t\t\t\t\t\t\t\t\t\t<\/div>\n\t\t\t\t<\/div>\n\t\t\t\t\t<\/div>\n\t\t<\/div>\n\t\t\t\t<div class=\"elementor-column elementor-col-50 elementor-inner-column elementor-element elementor-element-9007cc4\" data-id=\"9007cc4\" data-element_type=\"column\" data-e-type=\"column\">\n\t\t\t<div class=\"elementor-widget-wrap elementor-element-populated\">\n\t\t\t\t\t\t<div class=\"elementor-element elementor-element-7b592ce elementor-widget__width-initial animated-fast elementor-invisible elementor-widget elementor-widget-heading\" data-id=\"7b592ce\" data-element_type=\"widget\" data-e-type=\"widget\" data-settings=\"{&quot;_animation&quot;:&quot;fadeIn&quot;,&quot;_animation_delay&quot;:400}\" data-widget_type=\"heading.default\">\n\t\t\t\t<div class=\"elementor-widget-container\">\n\t\t\t\t\t<h2 class=\"elementor-heading-title elementor-size-default\">Puerto Haza del Lino<\/h2>\t\t\t\t<\/div>\n\t\t\t\t<\/div>\n\t\t\t\t<div class=\"elementor-element elementor-element-9ea2cc0 animated-slow elementor-invisible elementor-widget elementor-widget-heading\" data-id=\"9ea2cc0\" data-element_type=\"widget\" data-e-type=\"widget\" data-settings=\"{&quot;_animation&quot;:&quot;fadeInDown&quot;,&quot;_animation_delay&quot;:200}\" data-widget_type=\"heading.default\">\n\t\t\t\t<div class=\"elementor-widget-container\">\n\t\t\t\t\t<p class=\"elementor-heading-title elementor-size-default\">En un entorno \u00fanico<\/p>\t\t\t\t<\/div>\n\t\t\t\t<\/div>\n\t\t\t\t<div class=\"elementor-element elementor-element-acf9f09 elementor-invisible elementor-widget elementor-widget-text-editor\" data-id=\"acf9f09\" data-element_type=\"widget\" data-e-type=\"widget\" data-settings=\"{&quot;_animation&quot;:&quot;fadeIn&quot;}\" data-widget_type=\"text-editor.default\">\n\t\t\t\t<div class=\"elementor-widget-container\">\n\t\t\t\t\t\t\t\t\t<p class=\"p1\"><span class=\"s1\"><strong>El paraje Haza del Lino<\/strong>, de unos 1300 metros de altura, est\u00e1 situado en la <strong>sierra de la Contraviesa<\/strong>, al sur de la provincia de Granada, junto a un alcornocal. En sus cercan\u00edas se encuentra el monte o cerro Salchicha, con una altitud de 1545 msnm.<\/span><\/p><p class=\"p1\"><span class=\"s1\">Desde la <strong>Sierra de la Contraviesa alpujarre\u00f1a<\/strong> se pueden contemplar bellos paisajes con el mar al fondo, a veces cubierto de nubes bajas y niebla.<\/span><\/p>\t\t\t\t\t\t\t\t<\/div>\n\t\t\t\t<\/div>\n\t\t\t\t<div class=\"elementor-element elementor-element-90d6c17 elementor-widget__width-auto elementor-align-left elementor-widget elementor-widget-button\" data-id=\"90d6c17\" data-element_type=\"widget\" data-e-type=\"widget\" data-widget_type=\"button.default\">\n\t\t\t\t<div class=\"elementor-widget-container\">\n\t\t\t\t\t\t\t\t\t<div class=\"elementor-button-wrapper\">\n\t\t\t\t\t<a class=\"elementor-button elementor-button-link elementor-size-sm\" href=\"https:\/\/www.hazadellino.com\/en\/contacto\/\">\n\t\t\t\t\t\t<span class=\"elementor-button-content-wrapper\">\n\t\t\t\t\t\t\t\t\t<span class=\"elementor-button-text\">\u00bfC\u00f3mo llegar?<\/span>\n\t\t\t\t\t<\/span>\n\t\t\t\t\t<\/a>\n\t\t\t\t<\/div>\n\t\t\t\t\t\t\t\t<\/div>\n\t\t\t\t<\/div>\n\t\t\t\t\t<\/div>\n\t\t<\/div>\n\t\t\t\t\t<\/div>\n\t\t<\/section>\n\t\t\t\t\t<\/div>\n\t\t<\/div>\n\t\t\t\t\t<\/div>\n\t\t<\/section>\n\t\t\t\t<section class=\"elementor-section elementor-top-section elementor-element elementor-element-d5e07b3 elementor-section-height-min-height elementor-section-boxed elementor-section-height-default elementor-section-items-middle\" data-id=\"d5e07b3\" data-element_type=\"section\" data-e-type=\"section\" data-settings=\"{&quot;background_background&quot;:&quot;classic&quot;}\">\n\t\t\t\t\t\t\t<div class=\"elementor-background-overlay\"><\/div>\n\t\t\t\t\t\t\t<div class=\"elementor-container elementor-column-gap-default\">\n\t\t\t\t\t<div class=\"elementor-column elementor-col-100 elementor-top-column elementor-element elementor-element-517915b\" data-id=\"517915b\" data-element_type=\"column\" data-e-type=\"column\">\n\t\t\t<div class=\"elementor-widget-wrap elementor-element-populated\">\n\t\t\t\t\t\t<div class=\"elementor-element elementor-element-3181f7b animated-slow elementor-invisible elementor-widget elementor-widget-heading\" data-id=\"3181f7b\" data-element_type=\"widget\" data-e-type=\"widget\" data-settings=\"{&quot;_animation&quot;:&quot;fadeInDown&quot;,&quot;_animation_delay&quot;:200}\" data-widget_type=\"heading.default\">\n\t\t\t\t<div class=\"elementor-widget-container\">\n\t\t\t\t\t<p class=\"elementor-heading-title elementor-size-default\">Costa Tropical<\/p>\t\t\t\t<\/div>\n\t\t\t\t<\/div>\n\t\t\t\t<div class=\"elementor-element elementor-element-e52a8cf animated-slow elementor-invisible elementor-widget elementor-widget-heading\" data-id=\"e52a8cf\" data-element_type=\"widget\" data-e-type=\"widget\" data-settings=\"{&quot;_animation&quot;:&quot;fadeIn&quot;}\" data-widget_type=\"heading.default\">\n\t\t\t\t<div class=\"elementor-widget-container\">\n\t\t\t\t\t<h1 class=\"elementor-heading-title elementor-size-default\">Sierra de la<br>CONTRAVIESA<\/h1>\t\t\t\t<\/div>\n\t\t\t\t<\/div>\n\t\t\t\t\t<\/div>\n\t\t<\/div>\n\t\t\t\t\t<\/div>\n\t\t<\/section>\n\t\t\t\t<\/div>","protected":false},"excerpt":{"rendered":"<p>Puerto Haza del Lino En un entorno \u00fanico El paraje Haza del Lino, de unos 1300 metros de altura, est\u00e1 situado en la sierra de la Contraviesa, al sur de la provincia de Granada, junto a un alcornocal. En sus cercan\u00edas se encuentra el monte o cerro Salchicha, con una altitud de 1545 msnm. Desde [&hellip;]<\/p>\n","protected":false},"author":1,"featured_media":0,"parent":0,"menu_order":2,"comment_status":"closed","ping_status":"closed","template":"","meta":{"_mbp_gutenberg_autopost":false,"footnotes":""},"class_list":["post-88","page","type-page","status-publish","hentry"],"yoast_head":"<!-- This site is optimized with the Yoast SEO plugin v27.4 - https:\/\/yoast.com\/product\/yoast-seo-wordpress\/ -->\n<title>Entorno - Restaurante &amp; Bodega Haza del Lino<\/title>\n<meta name=\"robots\" content=\"index, follow, max-snippet:-1, max-image-preview:large, max-video-preview:-1\" \/>\n<link rel=\"canonical\" href=\"https:\/\/www.hazadellino.com\/en\/entorno\/\" \/>\n<meta property=\"og:locale\" content=\"en_GB\" \/>\n<meta property=\"og:type\" content=\"article\" \/>\n<meta property=\"og:title\" content=\"Entorno - Restaurante &amp; Bodega Haza del Lino\" \/>\n<meta property=\"og:description\" content=\"Puerto Haza del Lino En un entorno \u00fanico El paraje Haza del Lino, de unos 1300 metros de altura, est\u00e1 situado en la sierra de la Contraviesa, al sur de la provincia de Granada, junto a un alcornocal. En sus cercan\u00edas se encuentra el monte o cerro Salchicha, con una altitud de 1545 msnm. Desde [&hellip;]\" \/>\n<meta property=\"og:url\" content=\"https:\/\/www.hazadellino.com\/en\/entorno\/\" \/>\n<meta property=\"og:site_name\" content=\"Restaurante &amp; Bodega Haza del Lino\" \/>\n<meta property=\"article:modified_time\" content=\"2024-03-05T16:51:53+00:00\" \/>\n<meta property=\"og:image\" content=\"https:\/\/www.hazadellino.com\/wp-content\/uploads\/2020\/04\/sierra-controvesia-hazadel-lino.jpg\" \/>\n<meta name=\"twitter:card\" content=\"summary_large_image\" \/>\n<meta name=\"twitter:label1\" content=\"Estimated reading time\" \/>\n\t<meta name=\"twitter:data1\" content=\"1 minute\" \/>\n<script type=\"application\/ld+json\" class=\"yoast-schema-graph\">{\"@context\":\"https:\\\/\\\/schema.org\",\"@graph\":[{\"@type\":\"WebPage\",\"@id\":\"https:\\\/\\\/www.hazadellino.com\\\/entorno\\\/\",\"url\":\"https:\\\/\\\/www.hazadellino.com\\\/entorno\\\/\",\"name\":\"Entorno - Restaurante &amp; Bodega Haza del Lino\",\"isPartOf\":{\"@id\":\"https:\\\/\\\/www.hazadellino.com\\\/#website\"},\"primaryImageOfPage\":{\"@id\":\"https:\\\/\\\/www.hazadellino.com\\\/entorno\\\/#primaryimage\"},\"image\":{\"@id\":\"https:\\\/\\\/www.hazadellino.com\\\/entorno\\\/#primaryimage\"},\"thumbnailUrl\":\"https:\\\/\\\/www.hazadellino.com\\\/wp-content\\\/uploads\\\/2020\\\/04\\\/sierra-controvesia-hazadel-lino.jpg\",\"datePublished\":\"2020-03-23T11:03:21+00:00\",\"dateModified\":\"2024-03-05T16:51:53+00:00\",\"breadcrumb\":{\"@id\":\"https:\\\/\\\/www.hazadellino.com\\\/entorno\\\/#breadcrumb\"},\"inLanguage\":\"en-GB\",\"potentialAction\":[{\"@type\":\"ReadAction\",\"target\":[\"https:\\\/\\\/www.hazadellino.com\\\/entorno\\\/\"]}]},{\"@type\":\"ImageObject\",\"inLanguage\":\"en-GB\",\"@id\":\"https:\\\/\\\/www.hazadellino.com\\\/entorno\\\/#primaryimage\",\"url\":\"https:\\\/\\\/www.hazadellino.com\\\/wp-content\\\/uploads\\\/2020\\\/04\\\/sierra-controvesia-hazadel-lino.jpg\",\"contentUrl\":\"https:\\\/\\\/www.hazadellino.com\\\/wp-content\\\/uploads\\\/2020\\\/04\\\/sierra-controvesia-hazadel-lino.jpg\"},{\"@type\":\"BreadcrumbList\",\"@id\":\"https:\\\/\\\/www.hazadellino.com\\\/entorno\\\/#breadcrumb\",\"itemListElement\":[{\"@type\":\"ListItem\",\"position\":1,\"name\":\"Portada\",\"item\":\"https:\\\/\\\/www.hazadellino.com\\\/\"},{\"@type\":\"ListItem\",\"position\":2,\"name\":\"Entorno\"}]},{\"@type\":\"WebSite\",\"@id\":\"https:\\\/\\\/www.hazadellino.com\\\/#website\",\"url\":\"https:\\\/\\\/www.hazadellino.com\\\/\",\"name\":\"Restaurante &amp; Bodega Haza del Lino\",\"description\":\"Pasea por los sabores y paisajes &uacute;nicos de la Alpujarra con Haza del Lino. Descubrir la aut&eacute;ntica esencia culinaria y vin&iacute;cola de esta regi&oacute;n ic&oacute;nica.\",\"publisher\":{\"@id\":\"https:\\\/\\\/www.hazadellino.com\\\/#organization\"},\"potentialAction\":[{\"@type\":\"SearchAction\",\"target\":{\"@type\":\"EntryPoint\",\"urlTemplate\":\"https:\\\/\\\/www.hazadellino.com\\\/?s={search_term_string}\"},\"query-input\":{\"@type\":\"PropertyValueSpecification\",\"valueRequired\":true,\"valueName\":\"search_term_string\"}}],\"inLanguage\":\"en-GB\"},{\"@type\":\"Organization\",\"@id\":\"https:\\\/\\\/www.hazadellino.com\\\/#organization\",\"name\":\"Restaurante &amp; Bodega Haza del Lino\",\"url\":\"https:\\\/\\\/www.hazadellino.com\\\/\",\"logo\":{\"@type\":\"ImageObject\",\"inLanguage\":\"en-GB\",\"@id\":\"https:\\\/\\\/www.hazadellino.com\\\/#\\\/schema\\\/logo\\\/image\\\/\",\"url\":\"https:\\\/\\\/www.hazadellino.com\\\/wp-content\\\/uploads\\\/2020\\\/03\\\/cropped-logotipo_haza-del-lino@2x.png\",\"contentUrl\":\"https:\\\/\\\/www.hazadellino.com\\\/wp-content\\\/uploads\\\/2020\\\/03\\\/cropped-logotipo_haza-del-lino@2x.png\",\"width\":512,\"height\":512,\"caption\":\"Restaurante &amp; Bodega Haza del Lino\"},\"image\":{\"@id\":\"https:\\\/\\\/www.hazadellino.com\\\/#\\\/schema\\\/logo\\\/image\\\/\"}}]}<\/script>\n<!-- \/ Yoast SEO plugin. -->","yoast_head_json":{"title":"Entorno - Restaurante &amp; Bodega Haza del Lino","robots":{"index":"index","follow":"follow","max-snippet":"max-snippet:-1","max-image-preview":"max-image-preview:large","max-video-preview":"max-video-preview:-1"},"canonical":"https:\/\/www.hazadellino.com\/en\/entorno\/","og_locale":"en_GB","og_type":"article","og_title":"Entorno - Restaurante &amp; Bodega Haza del Lino","og_description":"Puerto Haza del Lino En un entorno \u00fanico El paraje Haza del Lino, de unos 1300 metros de altura, est\u00e1 situado en la sierra de la Contraviesa, al sur de la provincia de Granada, junto a un alcornocal. En sus cercan\u00edas se encuentra el monte o cerro Salchicha, con una altitud de 1545 msnm. Desde [&hellip;]","og_url":"https:\/\/www.hazadellino.com\/en\/entorno\/","og_site_name":"Restaurante &amp; Bodega Haza del Lino","article_modified_time":"2024-03-05T16:51:53+00:00","og_image":[{"url":"https:\/\/www.hazadellino.com\/wp-content\/uploads\/2020\/04\/sierra-controvesia-hazadel-lino.jpg","type":"","width":"","height":""}],"twitter_card":"summary_large_image","twitter_misc":{"Estimated reading time":"1 minute"},"schema":{"@context":"https:\/\/schema.org","@graph":[{"@type":"WebPage","@id":"https:\/\/www.hazadellino.com\/entorno\/","url":"https:\/\/www.hazadellino.com\/entorno\/","name":"Entorno - Restaurante &amp; Bodega Haza del Lino","isPartOf":{"@id":"https:\/\/www.hazadellino.com\/#website"},"primaryImageOfPage":{"@id":"https:\/\/www.hazadellino.com\/entorno\/#primaryimage"},"image":{"@id":"https:\/\/www.hazadellino.com\/entorno\/#primaryimage"},"thumbnailUrl":"https:\/\/www.hazadellino.com\/wp-content\/uploads\/2020\/04\/sierra-controvesia-hazadel-lino.jpg","datePublished":"2020-03-23T11:03:21+00:00","dateModified":"2024-03-05T16:51:53+00:00","breadcrumb":{"@id":"https:\/\/www.hazadellino.com\/entorno\/#breadcrumb"},"inLanguage":"en-GB","potentialAction":[{"@type":"ReadAction","target":["https:\/\/www.hazadellino.com\/entorno\/"]}]},{"@type":"ImageObject","inLanguage":"en-GB","@id":"https:\/\/www.hazadellino.com\/entorno\/#primaryimage","url":"https:\/\/www.hazadellino.com\/wp-content\/uploads\/2020\/04\/sierra-controvesia-hazadel-lino.jpg","contentUrl":"https:\/\/www.hazadellino.com\/wp-content\/uploads\/2020\/04\/sierra-controvesia-hazadel-lino.jpg"},{"@type":"BreadcrumbList","@id":"https:\/\/www.hazadellino.com\/entorno\/#breadcrumb","itemListElement":[{"@type":"ListItem","position":1,"name":"Portada","item":"https:\/\/www.hazadellino.com\/"},{"@type":"ListItem","position":2,"name":"Entorno"}]},{"@type":"WebSite","@id":"https:\/\/www.hazadellino.com\/#website","url":"https:\/\/www.hazadellino.com\/","name":"Restaurante &amp; Bodega Haza del Lino","description":"Pasea por los sabores y paisajes &uacute;nicos de la Alpujarra con Haza del Lino. Descubrir la aut&eacute;ntica esencia culinaria y vin&iacute;cola de esta regi&oacute;n ic&oacute;nica.","publisher":{"@id":"https:\/\/www.hazadellino.com\/#organization"},"potentialAction":[{"@type":"SearchAction","target":{"@type":"EntryPoint","urlTemplate":"https:\/\/www.hazadellino.com\/?s={search_term_string}"},"query-input":{"@type":"PropertyValueSpecification","valueRequired":true,"valueName":"search_term_string"}}],"inLanguage":"en-GB"},{"@type":"Organization","@id":"https:\/\/www.hazadellino.com\/#organization","name":"Restaurante &amp; Bodega Haza del Lino","url":"https:\/\/www.hazadellino.com\/","logo":{"@type":"ImageObject","inLanguage":"en-GB","@id":"https:\/\/www.hazadellino.com\/#\/schema\/logo\/image\/","url":"https:\/\/www.hazadellino.com\/wp-content\/uploads\/2020\/03\/cropped-logotipo_haza-del-lino@2x.png","contentUrl":"https:\/\/www.hazadellino.com\/wp-content\/uploads\/2020\/03\/cropped-logotipo_haza-del-lino@2x.png","width":512,"height":512,"caption":"Restaurante &amp; Bodega Haza del Lino"},"image":{"@id":"https:\/\/www.hazadellino.com\/#\/schema\/logo\/image\/"}}]}},"_links":{"self":[{"href":"https:\/\/www.hazadellino.com\/en\/wp-json\/wp\/v2\/pages\/88","targetHints":{"allow":["GET"]}}],"collection":[{"href":"https:\/\/www.hazadellino.com\/en\/wp-json\/wp\/v2\/pages"}],"about":[{"href":"https:\/\/www.hazadellino.com\/en\/wp-json\/wp\/v2\/types\/page"}],"author":[{"embeddable":true,"href":"https:\/\/www.hazadellino.com\/en\/wp-json\/wp\/v2\/users\/1"}],"replies":[{"embeddable":true,"href":"https:\/\/www.hazadellino.com\/en\/wp-json\/wp\/v2\/comments?post=88"}],"version-history":[{"count":11,"href":"https:\/\/www.hazadellino.com\/en\/wp-json\/wp\/v2\/pages\/88\/revisions"}],"predecessor-version":[{"id":3917,"href":"https:\/\/www.hazadellino.com\/en\/wp-json\/wp\/v2\/pages\/88\/revisions\/3917"}],"wp:attachment":[{"href":"https:\/\/www.hazadellino.com\/en\/wp-json\/wp\/v2\/media?parent=88"}],"curies":[{"name":"wp","href":"https:\/\/api.w.org\/{rel}","templated":true}]}}