{"id":542,"date":"2020-03-27T08:50:00","date_gmt":"2020-03-27T08:50:00","guid":{"rendered":"https:\/\/www.hazadellino.com\/?page_id=542"},"modified":"2020-07-08T11:04:01","modified_gmt":"2020-07-08T11:04:01","slug":"politica-de-cookies","status":"publish","type":"page","link":"https:\/\/www.hazadellino.com\/en\/politica-de-cookies\/","title":{"rendered":"Cookie Policy"},"content":{"rendered":"<p><a rel=\"noreferrer noopener\" target=\"_blank\" href=\"https:\/\/www.hazadellino.com\/en\/\">Hazadellino.com<\/a>\u00a0utiliza cookies u otros dispositivos de almacenamiento y recuperaci\u00f3n de informaci\u00f3n para realizar un seguimiento de las interacciones de los usuarios con los productos ofrecidos en sus Sitios Web.<br>Las cookies permiten reconocer el navegador de un usuario, as\u00ed como el tipo de dispositivo desde el que se accede al Sitio Web, y se utilizan para facilitar la pr\u00f3xima visita del usuario y hacer que el Sitio Web o la aplicaci\u00f3n resulten m\u00e1s \u00fatiles.<strong>El Sitio Web\u00a0<a rel=\"noreferrer noopener\" target=\"_blank\" href=\"https:\/\/www.hazadellino.com\/en\/\">Hazadellino.com<\/a>\u00a0utiliza las siguientes cookies:Cookies de preferencias o personalizaci\u00f3n:<\/strong>\u00a0Permiten al usuario acceder al servicio con algunas caracter\u00edsticas de car\u00e1cter general predefinidas en funci\u00f3n de una serie de criterios en el terminal del usuario (idioma, tipo de navegador, configuraci\u00f3n regional, etc.).<br><\/p>\n\n\n\n<p><strong>Cookies t\u00e9cnicas:<\/strong>\u00a0Son aqu\u00e9llas que permiten al usuario la navegaci\u00f3n a trav\u00e9s de una p\u00e1gina web, plataforma, o aplicaci\u00f3n y la utilizaci\u00f3n de las diferentes opciones o servicios que en ella existan como, por ejemplo, controlar el tr\u00e1fico de la comunicaci\u00f3n de datos, identificar la sesi\u00f3n, acceder a partes de acceso restringido, realizar el proceso de compra de un pedido, realizar la solicitud de inscripci\u00f3n o participaci\u00f3n en un evento, utilizar elementos de seguridad durante la navegaci\u00f3n o compartir contenidos a trav\u00e9s de redes sociales.<br><\/p>\n\n\n\n<p><strong>Cookies de Sesi\u00f3n:<\/strong>\u00a0Permiten al Sitio Web reconocer la informaci\u00f3n almacenada durante la sesi\u00f3n del usuario para evitar que el Sitio Web realice solicitudes de informaci\u00f3n ya facilitadas, de forma que no se pedir\u00e1 la informaci\u00f3n dada anteriormente.<br><\/p>\n\n\n\n<p><strong>Cookies anal\u00edticas:<\/strong>\u00a0Cuando el usuario se introduce en\u00a0<a rel=\"noreferrer noopener\" target=\"_blank\" href=\"https:\/\/www.hazadellino.com\/en\/\">Hazadellino.com<\/a>, a trav\u00e9s de esta herramienta se recopila informaci\u00f3n an\u00f3nima de manera est\u00e1ndar sobre la navegaci\u00f3n del usuario y sus patrones de comportamiento.<br><\/p>\n\n\n\n<p><strong>Cookies de seguimiento:\u00a0<\/strong>Utilizamos cookies de Remarketing de Google Adwords, del proveedor Google, para tener informaci\u00f3n sobre los intereses principales de los visitantes de nuestra web, y poder realizar campa\u00f1as publicitarias basadas en intereses reales del usuario.<br><\/p>\n\n\n\n<p><strong>Google Analytics habilita en el dominio del Sitio Web las cookies denominadas:<\/strong><br>\u201c__utma\u201d: es necesaria para el funcionamiento de Google Analytics y tiene un per\u00edodo de caducidad de 2 a\u00f1os.<br>\u201c__utmz\u201d: es utilizada para realizar la ubicaci\u00f3n de la visita, es decir, desde d\u00f3nde y c\u00f3mo ha llegado el usuario a nuestra web y caduca a los 6 meses.<br>\u201c_utmb\u201d: Esta cookie registra la hora de llegada a la p\u00e1gina y caduca a los 30 minutos del \u00faltimo registro de p\u00e1gina vista. Se elimina autom\u00e1ticamente al cambiar de web o al cerrar el navegador.<br>\u201c_utmc\u201d: El c\u00f3digo javascript actual que utiliza Google Analytics no requiere esta cookie. Antes esta cookie se utilizaba junto con la cookie _utmb para determinar si transcurridos m\u00e1s de 30 minutos en la misma p\u00e1gina, proced\u00eda o no establecer una nueva sesi\u00f3n para el usuario. Esta cookie se sigue escribiendo para asegurar la compatibilidad con las webs donde est\u00e1 instalado el antiguo c\u00f3digo de seguimiento urchin.js.Para obtener m\u00e1s informaci\u00f3n acerca de Google Analytics puede dirigirse al siguiente enlace:\u00a0<a rel=\"noreferrer noopener\" target=\"_blank\" href=\"http:\/\/goo.gl\/KxpaZ\">http:\/\/goo.gl\/KxpaZ<\/a><a rel=\"noreferrer noopener\" target=\"_blank\" href=\"https:\/\/web.archive.org\/web\/20190819124538\/http:\/\/goo.gl\/KxpaZ.\">.<\/a><strong>C\u00f3mo desactivar la configuraci\u00f3n de las cookies:<\/strong><br><\/p>\n\n\n\n<p>Todos los navegadores permiten hacer cambios para desactivar la configuraci\u00f3n de las cookies. Este es el motivo por el que la mayor\u00eda de navegadores ofrecen la posibilidad de administrar las cookies, para obtener un control m\u00e1s preciso sobre la privacidad.<br>Estos ajustes se encuentran ubicados en las \u201copciones\u201d o \u201cpreferencias\u201d del men\u00fa de su navegador.<br>A continuaci\u00f3n podr\u00e1 encontrar los links de cada navegador para deshabilitar las cookies siguiendo las instrucciones:<br>Internet Explorer (\u00a0<a rel=\"noreferrer noopener\" target=\"_blank\" href=\"http:\/\/goo.gl\/ksN5y\">http:\/\/goo.gl\/ksN5y<\/a>\u00a0)<br>En el men\u00fa de herramientas, seleccione \u201cOpciones de Internet\u201d. Haga clic en la pesta\u00f1a de privacidad. Ver\u00e1 un cursor de desplazamiento para configurar la privacidad que tiene seis posiciones que le permite controlar la cantidad de cookies que se instalar\u00e1n: Bloquear todas las cookies, Alta, Media Alto, Media (nivel por defecto), Baja, y Aceptar todas las cookies.<br>Mozilla Firefox\u00a0<a rel=\"noreferrer noopener\" target=\"_blank\" href=\"https:\/\/web.archive.org\/web\/20190819124538\/http:\/\/goo.gl\/F5pHX\">(<\/a><a rel=\"noreferrer noopener\" target=\"_blank\" href=\"http:\/\/goo.gl\/F5pHX\">http:\/\/goo.gl\/F5pHX<\/a>)<br>En el men\u00fa de herramientas, seleccione \u201copciones\u201d. Seleccione la etiqueta de privacidad en el recuadro de opciones. Del men\u00fa desplegable elija \u201cusar configuraci\u00f3n personalizada para el historial\u201d. Esto mostrar\u00e1 las opciones de cookies y podr\u00e1 optar por activarlas o desactivarlas marcando la casilla correspondiente.<br>Google Chrome (<a rel=\"noreferrer noopener\" target=\"_blank\" href=\"http:\/\/goo.gl\/8cAo\">http:\/\/goo.gl\/8cAo<\/a>)<br><\/p>\n\n\n\n<p>En el men\u00fa de configuraci\u00f3n, seleccione \u201cmostrar configuraci\u00f3n avanzada\u201d en la parte inferior de la p\u00e1gina. Seleccione la tecla de \u201cconfiguraci\u00f3n de contenido\u201d en la secci\u00f3n de privacidad.<br>La secci\u00f3n de la parte superior de la p\u00e1gina que aparece le da informaci\u00f3n sobre las cookies y le permite fijar las cookies que prefiera. Tambi\u00e9n le permite borrar cualquier cookie que tenga almacenada en ese momento.<br>Safari (<a rel=\"noreferrer noopener\" target=\"_blank\" href=\"http:\/\/goo.gl\/KFBFh\">http:\/\/goo.gl\/KFBFh<\/a>)<br>En el men\u00fa de configuraci\u00f3n, seleccione la opci\u00f3n de \u201cpreferencias\u201d. Abra la pesta\u00f1a de privacidad. Seleccione la opci\u00f3n que quiera de la secci\u00f3n de \u201cbloquear cookies\u201d. Recuerde que ciertas funciones y la plena funcionalidad del Sitio pueden no estar disponibles despu\u00e9s de deshabilitar los cookies.Si desea no ser rastreado por las cookies, Google ha desarrollado un complemento para instalar en su navegador al que puede acceder en el siguiente enlace:\u00a0<a rel=\"noreferrer noopener\" target=\"_blank\" href=\"http:\/\/goo.gl\/up4ND\">http:\/\/goo.gl\/up4ND<\/a><br><\/p>\n\n\n\n<p>A partir de la opci\u00f3n que tome acerca del uso de cookies en los sitios web, se le enviar\u00e1 una cookie adicional para salvaguardar su elecci\u00f3n y que no tenga que aceptar el uso de cookies cada vez que acceda a\u00a0<a rel=\"noreferrer noopener\" target=\"_blank\" href=\"https:\/\/www.hazadellino.com\/en\/\">Hazadellino.com<\/a>.<strong>Cookies en los dispositivos m\u00f3viles:<\/strong><br><a rel=\"noreferrer noopener\" target=\"_blank\" href=\"https:\/\/www.hazadellino.com\/en\/\">Hazadellino.com<\/a>\u00a0tambi\u00e9n usa cookies u otros dispositivos de almacenamiento en dispositivos m\u00f3viles.<br><\/p>\n\n\n\n<p>Al igual que sucede en los navegadores de ordenadores, lo navegadores de los dispositivos m\u00f3viles permiten realizar cambios en las opciones o ajustes de privacidad para desactivar o eliminar las cookies.<br>Si desea modificar las opciones de privacidad siga las instrucciones especificadas por el desarrollador de su navegador para dispositivo m\u00f3vil.<br>A continuaci\u00f3n podr\u00e1 encontrar algunos ejemplos de los links que le guiar\u00e1n para modificar las opciones de privacidad en su dispositivo m\u00f3vil:<br>IOS: (<a rel=\"noreferrer noopener\" target=\"_blank\" href=\"http:\/\/goo.gl\/pRkla\">http:\/\/goo.gl\/pRkla<\/a>)<br>Windows Phone: (<a rel=\"noreferrer noopener\" target=\"_blank\" href=\"http:\/\/goo.gl\/Rx8QQ\">http:\/\/goo.gl\/Rx8QQ<\/a>)<br>Chrome Mobile: (<a rel=\"noreferrer noopener\" target=\"_blank\" href=\"http:\/\/goo.gl\/XJp7N\">http:\/\/goo.gl\/XJp7N<\/a>)<br>Opera Mobile: (<a rel=\"noreferrer noopener\" target=\"_blank\" href=\"http:\/\/goo.gl\/XvmTG\">http:\/\/goo.gl\/XvmTG<\/a><\/p>","protected":false},"excerpt":{"rendered":"<p>Hazadellino.com\u00a0utiliza cookies u otros dispositivos de almacenamiento y recuperaci\u00f3n de informaci\u00f3n para realizar un seguimiento de las interacciones de los usuarios con los productos ofrecidos en sus Sitios Web.Las cookies permiten reconocer el navegador de un usuario, as\u00ed como el tipo de dispositivo desde el que se accede al Sitio Web, y se utilizan para [&hellip;]<\/p>\n","protected":false},"author":1,"featured_media":0,"parent":0,"menu_order":16,"comment_status":"closed","ping_status":"closed","template":"","meta":{"_mbp_gutenberg_autopost":false,"footnotes":""},"class_list":["post-542","page","type-page","status-publish","hentry"],"yoast_head":"<!-- This site is optimized with the Yoast SEO plugin v27.4 - https:\/\/yoast.com\/product\/yoast-seo-wordpress\/ -->\n<title>Pol\u00edtica de Cookies - Restaurante &amp; Bodega Haza del Lino<\/title>\n<meta name=\"robots\" content=\"index, follow, max-snippet:-1, max-image-preview:large, max-video-preview:-1\" \/>\n<link rel=\"canonical\" href=\"https:\/\/www.hazadellino.com\/en\/politica-de-cookies\/\" \/>\n<meta property=\"og:locale\" content=\"en_GB\" \/>\n<meta property=\"og:type\" content=\"article\" \/>\n<meta property=\"og:title\" content=\"Pol\u00edtica de Cookies - Restaurante &amp; Bodega Haza del Lino\" \/>\n<meta property=\"og:description\" content=\"Hazadellino.com\u00a0utiliza cookies u otros dispositivos de almacenamiento y recuperaci\u00f3n de informaci\u00f3n para realizar un seguimiento de las interacciones de los usuarios con los productos ofrecidos en sus Sitios Web.Las cookies permiten reconocer el navegador de un usuario, as\u00ed como el tipo de dispositivo desde el que se accede al Sitio Web, y se utilizan para [&hellip;]\" \/>\n<meta property=\"og:url\" content=\"https:\/\/www.hazadellino.com\/en\/politica-de-cookies\/\" \/>\n<meta property=\"og:site_name\" content=\"Restaurante &amp; Bodega Haza del Lino\" \/>\n<meta property=\"article:modified_time\" content=\"2020-07-08T11:04:01+00:00\" \/>\n<meta name=\"twitter:card\" content=\"summary_large_image\" \/>\n<meta name=\"twitter:label1\" content=\"Estimated reading time\" \/>\n\t<meta name=\"twitter:data1\" content=\"5 minutes\" \/>\n<script type=\"application\/ld+json\" class=\"yoast-schema-graph\">{\"@context\":\"https:\\\/\\\/schema.org\",\"@graph\":[{\"@type\":\"WebPage\",\"@id\":\"https:\\\/\\\/www.hazadellino.com\\\/politica-de-cookies\\\/\",\"url\":\"https:\\\/\\\/www.hazadellino.com\\\/politica-de-cookies\\\/\",\"name\":\"Pol\u00edtica de Cookies - Restaurante &amp; Bodega Haza del Lino\",\"isPartOf\":{\"@id\":\"https:\\\/\\\/www.hazadellino.com\\\/#website\"},\"datePublished\":\"2020-03-27T08:50:00+00:00\",\"dateModified\":\"2020-07-08T11:04:01+00:00\",\"breadcrumb\":{\"@id\":\"https:\\\/\\\/www.hazadellino.com\\\/politica-de-cookies\\\/#breadcrumb\"},\"inLanguage\":\"en-GB\",\"potentialAction\":[{\"@type\":\"ReadAction\",\"target\":[\"https:\\\/\\\/www.hazadellino.com\\\/politica-de-cookies\\\/\"]}]},{\"@type\":\"BreadcrumbList\",\"@id\":\"https:\\\/\\\/www.hazadellino.com\\\/politica-de-cookies\\\/#breadcrumb\",\"itemListElement\":[{\"@type\":\"ListItem\",\"position\":1,\"name\":\"Portada\",\"item\":\"https:\\\/\\\/www.hazadellino.com\\\/\"},{\"@type\":\"ListItem\",\"position\":2,\"name\":\"Pol\u00edtica de Cookies\"}]},{\"@type\":\"WebSite\",\"@id\":\"https:\\\/\\\/www.hazadellino.com\\\/#website\",\"url\":\"https:\\\/\\\/www.hazadellino.com\\\/\",\"name\":\"Restaurante &amp; Bodega Haza del Lino\",\"description\":\"Pasea por los sabores y paisajes &uacute;nicos de la Alpujarra con Haza del Lino. Descubrir la aut&eacute;ntica esencia culinaria y vin&iacute;cola de esta regi&oacute;n ic&oacute;nica.\",\"publisher\":{\"@id\":\"https:\\\/\\\/www.hazadellino.com\\\/#organization\"},\"potentialAction\":[{\"@type\":\"SearchAction\",\"target\":{\"@type\":\"EntryPoint\",\"urlTemplate\":\"https:\\\/\\\/www.hazadellino.com\\\/?s={search_term_string}\"},\"query-input\":{\"@type\":\"PropertyValueSpecification\",\"valueRequired\":true,\"valueName\":\"search_term_string\"}}],\"inLanguage\":\"en-GB\"},{\"@type\":\"Organization\",\"@id\":\"https:\\\/\\\/www.hazadellino.com\\\/#organization\",\"name\":\"Restaurante &amp; Bodega Haza del Lino\",\"url\":\"https:\\\/\\\/www.hazadellino.com\\\/\",\"logo\":{\"@type\":\"ImageObject\",\"inLanguage\":\"en-GB\",\"@id\":\"https:\\\/\\\/www.hazadellino.com\\\/#\\\/schema\\\/logo\\\/image\\\/\",\"url\":\"https:\\\/\\\/www.hazadellino.com\\\/wp-content\\\/uploads\\\/2020\\\/03\\\/cropped-logotipo_haza-del-lino@2x.png\",\"contentUrl\":\"https:\\\/\\\/www.hazadellino.com\\\/wp-content\\\/uploads\\\/2020\\\/03\\\/cropped-logotipo_haza-del-lino@2x.png\",\"width\":512,\"height\":512,\"caption\":\"Restaurante &amp; Bodega Haza del Lino\"},\"image\":{\"@id\":\"https:\\\/\\\/www.hazadellino.com\\\/#\\\/schema\\\/logo\\\/image\\\/\"}}]}<\/script>\n<!-- \/ Yoast SEO plugin. -->","yoast_head_json":{"title":"Pol\u00edtica de Cookies - Restaurante &amp; Bodega Haza del Lino","robots":{"index":"index","follow":"follow","max-snippet":"max-snippet:-1","max-image-preview":"max-image-preview:large","max-video-preview":"max-video-preview:-1"},"canonical":"https:\/\/www.hazadellino.com\/en\/politica-de-cookies\/","og_locale":"en_GB","og_type":"article","og_title":"Pol\u00edtica de Cookies - Restaurante &amp; Bodega Haza del Lino","og_description":"Hazadellino.com\u00a0utiliza cookies u otros dispositivos de almacenamiento y recuperaci\u00f3n de informaci\u00f3n para realizar un seguimiento de las interacciones de los usuarios con los productos ofrecidos en sus Sitios Web.Las cookies permiten reconocer el navegador de un usuario, as\u00ed como el tipo de dispositivo desde el que se accede al Sitio Web, y se utilizan para [&hellip;]","og_url":"https:\/\/www.hazadellino.com\/en\/politica-de-cookies\/","og_site_name":"Restaurante &amp; Bodega Haza del Lino","article_modified_time":"2020-07-08T11:04:01+00:00","twitter_card":"summary_large_image","twitter_misc":{"Estimated reading time":"5 minutes"},"schema":{"@context":"https:\/\/schema.org","@graph":[{"@type":"WebPage","@id":"https:\/\/www.hazadellino.com\/politica-de-cookies\/","url":"https:\/\/www.hazadellino.com\/politica-de-cookies\/","name":"Pol\u00edtica de Cookies - Restaurante &amp; Bodega Haza del Lino","isPartOf":{"@id":"https:\/\/www.hazadellino.com\/#website"},"datePublished":"2020-03-27T08:50:00+00:00","dateModified":"2020-07-08T11:04:01+00:00","breadcrumb":{"@id":"https:\/\/www.hazadellino.com\/politica-de-cookies\/#breadcrumb"},"inLanguage":"en-GB","potentialAction":[{"@type":"ReadAction","target":["https:\/\/www.hazadellino.com\/politica-de-cookies\/"]}]},{"@type":"BreadcrumbList","@id":"https:\/\/www.hazadellino.com\/politica-de-cookies\/#breadcrumb","itemListElement":[{"@type":"ListItem","position":1,"name":"Portada","item":"https:\/\/www.hazadellino.com\/"},{"@type":"ListItem","position":2,"name":"Pol\u00edtica de Cookies"}]},{"@type":"WebSite","@id":"https:\/\/www.hazadellino.com\/#website","url":"https:\/\/www.hazadellino.com\/","name":"Restaurante &amp; Bodega Haza del Lino","description":"Pasea por los sabores y paisajes &uacute;nicos de la Alpujarra con Haza del Lino. Descubrir la aut&eacute;ntica esencia culinaria y vin&iacute;cola de esta regi&oacute;n ic&oacute;nica.","publisher":{"@id":"https:\/\/www.hazadellino.com\/#organization"},"potentialAction":[{"@type":"SearchAction","target":{"@type":"EntryPoint","urlTemplate":"https:\/\/www.hazadellino.com\/?s={search_term_string}"},"query-input":{"@type":"PropertyValueSpecification","valueRequired":true,"valueName":"search_term_string"}}],"inLanguage":"en-GB"},{"@type":"Organization","@id":"https:\/\/www.hazadellino.com\/#organization","name":"Restaurante &amp; Bodega Haza del Lino","url":"https:\/\/www.hazadellino.com\/","logo":{"@type":"ImageObject","inLanguage":"en-GB","@id":"https:\/\/www.hazadellino.com\/#\/schema\/logo\/image\/","url":"https:\/\/www.hazadellino.com\/wp-content\/uploads\/2020\/03\/cropped-logotipo_haza-del-lino@2x.png","contentUrl":"https:\/\/www.hazadellino.com\/wp-content\/uploads\/2020\/03\/cropped-logotipo_haza-del-lino@2x.png","width":512,"height":512,"caption":"Restaurante &amp; Bodega Haza del Lino"},"image":{"@id":"https:\/\/www.hazadellino.com\/#\/schema\/logo\/image\/"}}]}},"_links":{"self":[{"href":"https:\/\/www.hazadellino.com\/en\/wp-json\/wp\/v2\/pages\/542","targetHints":{"allow":["GET"]}}],"collection":[{"href":"https:\/\/www.hazadellino.com\/en\/wp-json\/wp\/v2\/pages"}],"about":[{"href":"https:\/\/www.hazadellino.com\/en\/wp-json\/wp\/v2\/types\/page"}],"author":[{"embeddable":true,"href":"https:\/\/www.hazadellino.com\/en\/wp-json\/wp\/v2\/users\/1"}],"replies":[{"embeddable":true,"href":"https:\/\/www.hazadellino.com\/en\/wp-json\/wp\/v2\/comments?post=542"}],"version-history":[{"count":3,"href":"https:\/\/www.hazadellino.com\/en\/wp-json\/wp\/v2\/pages\/542\/revisions"}],"predecessor-version":[{"id":1558,"href":"https:\/\/www.hazadellino.com\/en\/wp-json\/wp\/v2\/pages\/542\/revisions\/1558"}],"wp:attachment":[{"href":"https:\/\/www.hazadellino.com\/en\/wp-json\/wp\/v2\/media?parent=542"}],"curies":[{"name":"wp","href":"https:\/\/api.w.org\/{rel}","templated":true}]}}