{"id":540,"date":"2020-03-27T08:49:40","date_gmt":"2020-03-27T08:49:40","guid":{"rendered":"https:\/\/www.hazadellino.com\/?page_id=540"},"modified":"2020-07-08T10:05:30","modified_gmt":"2020-07-08T10:05:30","slug":"aviso-legal","status":"publish","type":"page","link":"https:\/\/www.hazadellino.com\/en\/aviso-legal\/","title":{"rendered":"Legal Notice"},"content":{"rendered":"<p><strong>Responsable Legal<\/strong><br>Hermanos Garc\u00eda Carri\u00f3n, S.C.<br>CIF: J19663616<br>Haza de Lino s\/n 18712 Polopos (Granada)<br>\u00a0Email de Contacto:\u00a0<a rel=\"noreferrer noopener\" target=\"_blank\" href=\"mailto:info@www.hazadellino.com\">info@www.hazadellino.com<\/a><br>\u00a0Tlf: 958 836 821<\/p>\n\n\n\n<p><strong>Condiciones de Uso<\/strong><br>Las presentes condiciones legales regulan el uso permitido de esta p\u00e1gina web que Hermanos Garc\u00eda Carri\u00f3n, S.C., en adelante\u00a0<a rel=\"noreferrer noopener\" target=\"_blank\" href=\"https:\/\/www.hazadellino.com\/en\/\">HAZADELLINO.COM<\/a>, pone a disposici\u00f3n de los usuarios de Internet. Si no est\u00e1 conforme con estas condiciones legales debe abandonar esta p\u00e1gina web.<br>\u00a0El Usuario se obliga a usar la web, los servicios y sus contenidos de forma diligente, correcta y l\u00edcita y en particular, deber\u00e1 abstenerse de:<br>\u00a0\u2013 Suprimir, eludir o manipular el \u201ccopyright\u201d y dem\u00e1s datos identificativos de los derechos de sus titulares incorporados a los contenidos, as\u00ed como los dispositivos t\u00e9cnicos de protecci\u00f3n, o cualesquiera mecanismos de informaci\u00f3n que pudieren contener los contenidos.<br>\u00a0\u2013 Introducir programas, virus, macros o cualquier otro dispositivo l\u00f3gico o secuencia de caracteres que causen o sean susceptibles de causar cualquier tipo de alteraci\u00f3n en la p\u00e1gina web o los sistemas inform\u00e1ticos que la soportan.<br>\u00a0\u2013 Usar o instalar programas o dispositivos capaces de invalidar los controles o contrase\u00f1as de seguridad, establecidos por\u00a0<a rel=\"noreferrer noopener\" target=\"_blank\" href=\"https:\/\/www.hazadellino.com\/en\/\">HAZADELLINO.COM<\/a>, estando igualmente prohibido descifrar las claves, sistemas o algoritmos de cifrado o cualquier otro elemento de seguridad de la p\u00e1gina web o cualquiera de sus usuarios.<br>\u00a0\u2013 Realizar copia o captura de pantallas de la p\u00e1gina web, sin autorizaci\u00f3n expresa de\u00a0<a rel=\"noreferrer noopener\" target=\"_blank\" href=\"https:\/\/www.hazadellino.com\/en\/\">HAZADELLINO.COM<\/a>.<br>\u00a0\u2013 Efectuar copias o versiones de la p\u00e1gina web o su c\u00f3digo fuente, sin el consentimiento expreso de\u00a0<a rel=\"noreferrer noopener\" target=\"_blank\" href=\"https:\/\/www.hazadellino.com\/en\/\">HAZADELLINO.COM<\/a>.<br>\u00a0\u2013 Realizar cualquier tipo de comportamiento contrario a la Ley o la buena fe.\u00a0<strong>Exclusi\u00f3n de Responsabilidad<\/strong><br>\u00a0<a rel=\"noreferrer noopener\" target=\"_blank\" href=\"https:\/\/www.hazadellino.com\/en\/\">HAZADELLINO.COM<\/a>, no se hace responsable de las p\u00e9rdidas o perjuicios que pueda ocasionar al usuario por virus, indisponibilidad o cualquier otro comportamiento an\u00f3malo de la p\u00e1gina web.\u00a0<a rel=\"noreferrer noopener\" target=\"_blank\" href=\"https:\/\/www.hazadellino.com\/en\/\">HAZADELLINO.COM<\/a>, ha adoptado todas las medidas de seguridad a su alcance y seg\u00fan el estado actual de la t\u00e9cnica, para garantizar el correcto funcionamiento de la web y evitar la generaci\u00f3n de cualquier tipo de da\u00f1o al usuario.\u00a0<strong>Registro de Usuarios<\/strong><br>\u00a0El acceso y utilizaci\u00f3n de determinados apartados de esta p\u00e1gina web, requieren el previo registro como usuario. No se admite el registro de usuarios menores de edad.\u00a0<a rel=\"noreferrer noopener\" target=\"_blank\" href=\"https:\/\/www.hazadellino.com\/en\/\">HAZADELLINO.COM<\/a>\u00a0se reserva el derecho a verificar la informaci\u00f3n facilitada por el usuario. Una vez registrado en nuestra web, podr\u00e1 en cualquier momento acceder, modificar o cancelar los datos en su perfil de usuario.<br>\u00a0<a rel=\"noreferrer noopener\" target=\"_blank\" href=\"https:\/\/www.hazadellino.com\/en\/\">HAZADELLINO.COM<\/a>\u00a0advierte al usuario que podr\u00e1n ser rechazadas las peticiones de registro realizadas de forma fraudulenta o en vulneraci\u00f3n de normas o derechos de terceros, pudiendo adem\u00e1s ser dados de baja como usuarios si infringen las presentes condiciones legales o las advertencias y requerimientos que les dirija\u00a0<a rel=\"noreferrer noopener\" target=\"_blank\" href=\"https:\/\/www.hazadellino.com\/en\/\">HAZADELLINO.COM<\/a>\u00a0respecto a comportamientos que vulneren las pol\u00edticas y normas que rigen esta p\u00e1gina web.<br>\u00a0Los usuarios son responsables por cualquier acci\u00f3n llevada a cabo con su nombre de usuario o su cuenta. El usuario es responsable del uso y confidencialidad de su contrase\u00f1a de acceso a su cuenta, ante cualquier sospecha de que la seguridad de su contrase\u00f1a ha sido comprometida deber\u00e1 proceder a modificarla de inmediato.\u00a0<strong>Enlaces<\/strong><br>\u00a0<a rel=\"noreferrer noopener\" target=\"_blank\" href=\"https:\/\/www.hazadellino.com\/en\/\">HAZADELLINO.COM<\/a>\u00a0declina cualquier responsabilidad por los servicios y\/o informaci\u00f3n que se preste en otras p\u00e1ginas enlazadas con esta Web.\u00a0<a rel=\"noreferrer noopener\" target=\"_blank\" href=\"https:\/\/www.hazadellino.com\/en\/\">HAZADELLINO.COM<\/a>\u00a0no controla ni ejerce ning\u00fan tipo de supervisi\u00f3n sobre las p\u00e1ginas enlazadas. Los usuarios que utilicen estos enlaces deber\u00e1n consultar las condiciones legales expuestas en las p\u00e1ginas de destino.\u00a0<strong>Propiedad Intelectual<\/strong><br>\u00a0Los textos, im\u00e1genes, logos, signos distintivos, sonidos, animaciones, v\u00eddeos, c\u00f3digo fuente y resto de contenidos incluidos en esta web son propiedad de\u00a0<a rel=\"noreferrer noopener\" target=\"_blank\" href=\"https:\/\/www.hazadellino.com\/en\/\">HAZADELLINO.COM<\/a>, o dispone en su caso, del permiso para su uso y\/o explotaci\u00f3n.<br>\u00a0Los usuarios de esta p\u00e1gina web podr\u00e1n llevar a cabo la reproducci\u00f3n o almacenamiento de los contenidos almacenados en esta p\u00e1gina para su exclusivo uso personal o las finalidades autorizadas en las condiciones legales de contrataci\u00f3n de nuestros productos y servicios. Cualquier otra transmisi\u00f3n, distribuci\u00f3n, reproducci\u00f3n o almacenamiento, total o parcial, de los contenidos almacenados en esta web, queda expresamente prohibida salvo previo y expreso consentimiento de\u00a0<a rel=\"noreferrer noopener\" target=\"_blank\" href=\"https:\/\/www.hazadellino.com\/en\/\">HAZADELLINO.COM<\/a>.\u00a0<strong>Legislaci\u00f3n y Jurisdicci\u00f3n<\/strong><br>\u00a0Esta p\u00e1gina web se encuentra sometida a la legislaci\u00f3n Espa\u00f1ola y en caso de litigio o controversia surgida del uso de esta p\u00e1gina web, ambas partes se someten a la jurisdicci\u00f3n de los tribunales de la ciudad de Polopos\u00a0(Granada). Esta cl\u00e1usula de sumisi\u00f3n expresa a los tribunales de la ciudad de Polopos\u00a0(Granada), no ser\u00e1 aplicable para los supuestos de litigio con los usuarios de la web que seg\u00fan la legislaci\u00f3n vigente ostenten la condici\u00f3n de consumidores, en cuyo caso ambas partes estar\u00e1n sometidos a la jurisdicci\u00f3n de los Juzgados y Tribunales de residencia del consumidor.<\/p>\n\n\n\n<p><\/p>","protected":false},"excerpt":{"rendered":"<p>Responsable LegalHermanos Garc\u00eda Carri\u00f3n, S.C.CIF: J19663616Haza de Lino s\/n 18712 Polopos (Granada)\u00a0Email de Contacto:\u00a0info@www.hazadellino.com\u00a0Tlf: 958 836 821 Condiciones de UsoLas presentes condiciones legales regulan el uso permitido de esta p\u00e1gina web que Hermanos Garc\u00eda Carri\u00f3n, S.C., en adelante\u00a0HAZADELLINO.COM, pone a disposici\u00f3n de los usuarios de Internet. Si no est\u00e1 conforme con estas condiciones legales debe [&hellip;]<\/p>\n","protected":false},"author":1,"featured_media":0,"parent":0,"menu_order":15,"comment_status":"closed","ping_status":"closed","template":"","meta":{"_mbp_gutenberg_autopost":false,"footnotes":""},"class_list":["post-540","page","type-page","status-publish","hentry"],"yoast_head":"<!-- This site is optimized with the Yoast SEO plugin v27.4 - https:\/\/yoast.com\/product\/yoast-seo-wordpress\/ -->\n<title>Aviso Legal - Restaurante &amp; Bodega Haza del Lino<\/title>\n<meta name=\"robots\" content=\"index, follow, max-snippet:-1, max-image-preview:large, max-video-preview:-1\" \/>\n<link rel=\"canonical\" href=\"https:\/\/www.hazadellino.com\/en\/aviso-legal\/\" \/>\n<meta property=\"og:locale\" content=\"en_GB\" \/>\n<meta property=\"og:type\" content=\"article\" \/>\n<meta property=\"og:title\" content=\"Aviso Legal - Restaurante &amp; Bodega Haza del Lino\" \/>\n<meta property=\"og:description\" content=\"Responsable LegalHermanos Garc\u00eda Carri\u00f3n, S.C.CIF: J19663616Haza de Lino s\/n 18712 Polopos (Granada)\u00a0Email de Contacto:\u00a0info@www.hazadellino.com\u00a0Tlf: 958 836 821 Condiciones de UsoLas presentes condiciones legales regulan el uso permitido de esta p\u00e1gina web que Hermanos Garc\u00eda Carri\u00f3n, S.C., en adelante\u00a0HAZADELLINO.COM, pone a disposici\u00f3n de los usuarios de Internet. Si no est\u00e1 conforme con estas condiciones legales debe [&hellip;]\" \/>\n<meta property=\"og:url\" content=\"https:\/\/www.hazadellino.com\/en\/aviso-legal\/\" \/>\n<meta property=\"og:site_name\" content=\"Restaurante &amp; Bodega Haza del Lino\" \/>\n<meta property=\"article:modified_time\" content=\"2020-07-08T10:05:30+00:00\" \/>\n<meta name=\"twitter:card\" content=\"summary_large_image\" \/>\n<meta name=\"twitter:label1\" content=\"Estimated reading time\" \/>\n\t<meta name=\"twitter:data1\" content=\"4 minutes\" \/>\n<script type=\"application\/ld+json\" class=\"yoast-schema-graph\">{\"@context\":\"https:\\\/\\\/schema.org\",\"@graph\":[{\"@type\":\"WebPage\",\"@id\":\"https:\\\/\\\/www.hazadellino.com\\\/aviso-legal\\\/\",\"url\":\"https:\\\/\\\/www.hazadellino.com\\\/aviso-legal\\\/\",\"name\":\"Aviso Legal - Restaurante &amp; Bodega Haza del Lino\",\"isPartOf\":{\"@id\":\"https:\\\/\\\/www.hazadellino.com\\\/#website\"},\"datePublished\":\"2020-03-27T08:49:40+00:00\",\"dateModified\":\"2020-07-08T10:05:30+00:00\",\"breadcrumb\":{\"@id\":\"https:\\\/\\\/www.hazadellino.com\\\/aviso-legal\\\/#breadcrumb\"},\"inLanguage\":\"en-GB\",\"potentialAction\":[{\"@type\":\"ReadAction\",\"target\":[\"https:\\\/\\\/www.hazadellino.com\\\/aviso-legal\\\/\"]}]},{\"@type\":\"BreadcrumbList\",\"@id\":\"https:\\\/\\\/www.hazadellino.com\\\/aviso-legal\\\/#breadcrumb\",\"itemListElement\":[{\"@type\":\"ListItem\",\"position\":1,\"name\":\"Portada\",\"item\":\"https:\\\/\\\/www.hazadellino.com\\\/\"},{\"@type\":\"ListItem\",\"position\":2,\"name\":\"Aviso Legal\"}]},{\"@type\":\"WebSite\",\"@id\":\"https:\\\/\\\/www.hazadellino.com\\\/#website\",\"url\":\"https:\\\/\\\/www.hazadellino.com\\\/\",\"name\":\"Restaurante &amp; Bodega Haza del Lino\",\"description\":\"Pasea por los sabores y paisajes &uacute;nicos de la Alpujarra con Haza del Lino. Descubrir la aut&eacute;ntica esencia culinaria y vin&iacute;cola de esta regi&oacute;n ic&oacute;nica.\",\"publisher\":{\"@id\":\"https:\\\/\\\/www.hazadellino.com\\\/#organization\"},\"potentialAction\":[{\"@type\":\"SearchAction\",\"target\":{\"@type\":\"EntryPoint\",\"urlTemplate\":\"https:\\\/\\\/www.hazadellino.com\\\/?s={search_term_string}\"},\"query-input\":{\"@type\":\"PropertyValueSpecification\",\"valueRequired\":true,\"valueName\":\"search_term_string\"}}],\"inLanguage\":\"en-GB\"},{\"@type\":\"Organization\",\"@id\":\"https:\\\/\\\/www.hazadellino.com\\\/#organization\",\"name\":\"Restaurante &amp; Bodega Haza del Lino\",\"url\":\"https:\\\/\\\/www.hazadellino.com\\\/\",\"logo\":{\"@type\":\"ImageObject\",\"inLanguage\":\"en-GB\",\"@id\":\"https:\\\/\\\/www.hazadellino.com\\\/#\\\/schema\\\/logo\\\/image\\\/\",\"url\":\"https:\\\/\\\/www.hazadellino.com\\\/wp-content\\\/uploads\\\/2020\\\/03\\\/cropped-logotipo_haza-del-lino@2x.png\",\"contentUrl\":\"https:\\\/\\\/www.hazadellino.com\\\/wp-content\\\/uploads\\\/2020\\\/03\\\/cropped-logotipo_haza-del-lino@2x.png\",\"width\":512,\"height\":512,\"caption\":\"Restaurante &amp; Bodega Haza del Lino\"},\"image\":{\"@id\":\"https:\\\/\\\/www.hazadellino.com\\\/#\\\/schema\\\/logo\\\/image\\\/\"}}]}<\/script>\n<!-- \/ Yoast SEO plugin. -->","yoast_head_json":{"title":"Aviso Legal - Restaurante &amp; Bodega Haza del Lino","robots":{"index":"index","follow":"follow","max-snippet":"max-snippet:-1","max-image-preview":"max-image-preview:large","max-video-preview":"max-video-preview:-1"},"canonical":"https:\/\/www.hazadellino.com\/en\/aviso-legal\/","og_locale":"en_GB","og_type":"article","og_title":"Aviso Legal - Restaurante &amp; Bodega Haza del Lino","og_description":"Responsable LegalHermanos Garc\u00eda Carri\u00f3n, S.C.CIF: J19663616Haza de Lino s\/n 18712 Polopos (Granada)\u00a0Email de Contacto:\u00a0info@www.hazadellino.com\u00a0Tlf: 958 836 821 Condiciones de UsoLas presentes condiciones legales regulan el uso permitido de esta p\u00e1gina web que Hermanos Garc\u00eda Carri\u00f3n, S.C., en adelante\u00a0HAZADELLINO.COM, pone a disposici\u00f3n de los usuarios de Internet. Si no est\u00e1 conforme con estas condiciones legales debe [&hellip;]","og_url":"https:\/\/www.hazadellino.com\/en\/aviso-legal\/","og_site_name":"Restaurante &amp; Bodega Haza del Lino","article_modified_time":"2020-07-08T10:05:30+00:00","twitter_card":"summary_large_image","twitter_misc":{"Estimated reading time":"4 minutes"},"schema":{"@context":"https:\/\/schema.org","@graph":[{"@type":"WebPage","@id":"https:\/\/www.hazadellino.com\/aviso-legal\/","url":"https:\/\/www.hazadellino.com\/aviso-legal\/","name":"Aviso Legal - Restaurante &amp; Bodega Haza del Lino","isPartOf":{"@id":"https:\/\/www.hazadellino.com\/#website"},"datePublished":"2020-03-27T08:49:40+00:00","dateModified":"2020-07-08T10:05:30+00:00","breadcrumb":{"@id":"https:\/\/www.hazadellino.com\/aviso-legal\/#breadcrumb"},"inLanguage":"en-GB","potentialAction":[{"@type":"ReadAction","target":["https:\/\/www.hazadellino.com\/aviso-legal\/"]}]},{"@type":"BreadcrumbList","@id":"https:\/\/www.hazadellino.com\/aviso-legal\/#breadcrumb","itemListElement":[{"@type":"ListItem","position":1,"name":"Portada","item":"https:\/\/www.hazadellino.com\/"},{"@type":"ListItem","position":2,"name":"Aviso Legal"}]},{"@type":"WebSite","@id":"https:\/\/www.hazadellino.com\/#website","url":"https:\/\/www.hazadellino.com\/","name":"Restaurante &amp; Bodega Haza del Lino","description":"Pasea por los sabores y paisajes &uacute;nicos de la Alpujarra con Haza del Lino. Descubrir la aut&eacute;ntica esencia culinaria y vin&iacute;cola de esta regi&oacute;n ic&oacute;nica.","publisher":{"@id":"https:\/\/www.hazadellino.com\/#organization"},"potentialAction":[{"@type":"SearchAction","target":{"@type":"EntryPoint","urlTemplate":"https:\/\/www.hazadellino.com\/?s={search_term_string}"},"query-input":{"@type":"PropertyValueSpecification","valueRequired":true,"valueName":"search_term_string"}}],"inLanguage":"en-GB"},{"@type":"Organization","@id":"https:\/\/www.hazadellino.com\/#organization","name":"Restaurante &amp; Bodega Haza del Lino","url":"https:\/\/www.hazadellino.com\/","logo":{"@type":"ImageObject","inLanguage":"en-GB","@id":"https:\/\/www.hazadellino.com\/#\/schema\/logo\/image\/","url":"https:\/\/www.hazadellino.com\/wp-content\/uploads\/2020\/03\/cropped-logotipo_haza-del-lino@2x.png","contentUrl":"https:\/\/www.hazadellino.com\/wp-content\/uploads\/2020\/03\/cropped-logotipo_haza-del-lino@2x.png","width":512,"height":512,"caption":"Restaurante &amp; Bodega Haza del Lino"},"image":{"@id":"https:\/\/www.hazadellino.com\/#\/schema\/logo\/image\/"}}]}},"_links":{"self":[{"href":"https:\/\/www.hazadellino.com\/en\/wp-json\/wp\/v2\/pages\/540","targetHints":{"allow":["GET"]}}],"collection":[{"href":"https:\/\/www.hazadellino.com\/en\/wp-json\/wp\/v2\/pages"}],"about":[{"href":"https:\/\/www.hazadellino.com\/en\/wp-json\/wp\/v2\/types\/page"}],"author":[{"embeddable":true,"href":"https:\/\/www.hazadellino.com\/en\/wp-json\/wp\/v2\/users\/1"}],"replies":[{"embeddable":true,"href":"https:\/\/www.hazadellino.com\/en\/wp-json\/wp\/v2\/comments?post=540"}],"version-history":[{"count":3,"href":"https:\/\/www.hazadellino.com\/en\/wp-json\/wp\/v2\/pages\/540\/revisions"}],"predecessor-version":[{"id":1554,"href":"https:\/\/www.hazadellino.com\/en\/wp-json\/wp\/v2\/pages\/540\/revisions\/1554"}],"wp:attachment":[{"href":"https:\/\/www.hazadellino.com\/en\/wp-json\/wp\/v2\/media?parent=540"}],"curies":[{"name":"wp","href":"https:\/\/api.w.org\/{rel}","templated":true}]}}