{"id":3358,"date":"2024-02-08T19:17:24","date_gmt":"2024-02-08T19:17:24","guid":{"rendered":"https:\/\/www.hazadellino.com\/?page_id=3358"},"modified":"2024-02-08T19:32:20","modified_gmt":"2024-02-08T19:32:20","slug":"pagina-de-suscripcion","status":"publish","type":"page","link":"https:\/\/www.hazadellino.com\/en\/pagina-de-suscripcion\/","title":{"rendered":"P\u00e1gina de suscripci\u00f3n"},"content":{"rendered":"\t\t<div data-elementor-type=\"wp-page\" data-elementor-id=\"3358\" class=\"elementor elementor-3358\" data-elementor-post-type=\"page\">\n\t\t\t\t\t\t<section class=\"elementor-section elementor-top-section elementor-element elementor-element-8d59416 elementor-section-height-min-height elementor-section-boxed elementor-section-height-default elementor-section-items-middle\" data-id=\"8d59416\" data-element_type=\"section\" data-e-type=\"section\">\n\t\t\t\t\t\t<div class=\"elementor-container elementor-column-gap-default\">\n\t\t\t\t\t<div class=\"elementor-column elementor-col-100 elementor-top-column elementor-element elementor-element-75d492d\" data-id=\"75d492d\" data-element_type=\"column\" data-e-type=\"column\">\n\t\t\t<div class=\"elementor-widget-wrap elementor-element-populated\">\n\t\t\t\t\t\t<div class=\"elementor-element elementor-element-b5f7703 elementor-widget elementor-widget-image\" data-id=\"b5f7703\" data-element_type=\"widget\" data-e-type=\"widget\" data-widget_type=\"image.default\">\n\t\t\t\t<div class=\"elementor-widget-container\">\n\t\t\t\t\t\t\t\t\t\t\t\t\t\t\t<img fetchpriority=\"high\" decoding=\"async\" width=\"512\" height=\"512\" src=\"https:\/\/www.hazadellino.com\/wp-content\/uploads\/2020\/03\/cropped-logotipo_haza-del-lino@2x.png\" class=\"attachment-large size-large wp-image-1544\" alt=\"\" srcset=\"https:\/\/www.hazadellino.com\/wp-content\/uploads\/2020\/03\/cropped-logotipo_haza-del-lino@2x.png 512w, https:\/\/www.hazadellino.com\/wp-content\/uploads\/2020\/03\/cropped-logotipo_haza-del-lino@2x-300x300.png 300w, https:\/\/www.hazadellino.com\/wp-content\/uploads\/2020\/03\/cropped-logotipo_haza-del-lino@2x-150x150.png 150w, https:\/\/www.hazadellino.com\/wp-content\/uploads\/2020\/03\/cropped-logotipo_haza-del-lino@2x-100x100.png 100w, https:\/\/www.hazadellino.com\/wp-content\/uploads\/2020\/03\/cropped-logotipo_haza-del-lino@2x-270x270.png 270w, https:\/\/www.hazadellino.com\/wp-content\/uploads\/2020\/03\/cropped-logotipo_haza-del-lino@2x-192x192.png 192w, https:\/\/www.hazadellino.com\/wp-content\/uploads\/2020\/03\/cropped-logotipo_haza-del-lino@2x-180x180.png 180w, https:\/\/www.hazadellino.com\/wp-content\/uploads\/2020\/03\/cropped-logotipo_haza-del-lino@2x-32x32.png 32w, https:\/\/www.hazadellino.com\/wp-content\/uploads\/2020\/03\/elementor\/thumbs\/cropped-logotipo_haza-del-lino@2x-orrpep34ycmjtw0ablyol0573dst9k2mwaozn0devc.png 500w, https:\/\/www.hazadellino.com\/wp-content\/uploads\/2020\/03\/elementor\/thumbs\/cropped-logotipo_haza-del-lino@2x-150x150.png 1500w\" sizes=\"(max-width: 512px) 100vw, 512px\" \/>\t\t\t\t\t\t\t\t\t\t\t\t\t\t\t<\/div>\n\t\t\t\t<\/div>\n\t\t\t\t<div class=\"elementor-element elementor-element-0a96087 elementor-widget elementor-widget-heading\" data-id=\"0a96087\" data-element_type=\"widget\" data-e-type=\"widget\" data-widget_type=\"heading.default\">\n\t\t\t\t<div class=\"elementor-widget-container\">\n\t\t\t\t\t<h2 class=\"elementor-heading-title elementor-size-default\">Suscr\u00edbete y gana una comida en nuestro restaurante m\u00e1s una visita a la bodega para dos personas<\/h2>\t\t\t\t<\/div>\n\t\t\t\t<\/div>\n\t\t\t\t<section class=\"elementor-section elementor-inner-section elementor-element elementor-element-c51b399 elementor-section-boxed elementor-section-height-default elementor-section-height-default\" data-id=\"c51b399\" data-element_type=\"section\" data-e-type=\"section\">\n\t\t\t\t\t\t<div class=\"elementor-container elementor-column-gap-default\">\n\t\t\t\t\t<div class=\"elementor-column elementor-col-100 elementor-inner-column elementor-element elementor-element-d5b89f8\" data-id=\"d5b89f8\" data-element_type=\"column\" data-e-type=\"column\">\n\t\t\t<div class=\"elementor-widget-wrap elementor-element-populated\">\n\t\t\t\t\t\t<div class=\"elementor-element elementor-element-07c9a03 elementor-button-align-stretch elementor-widget elementor-widget-form\" data-id=\"07c9a03\" data-element_type=\"widget\" data-e-type=\"widget\" data-settings=\"{&quot;step_next_label&quot;:&quot;Siguiente&quot;,&quot;step_previous_label&quot;:&quot;Anterior&quot;,&quot;button_width&quot;:&quot;100&quot;,&quot;step_type&quot;:&quot;number_text&quot;,&quot;step_icon_shape&quot;:&quot;circle&quot;}\" data-widget_type=\"form.default\">\n\t\t\t\t<div class=\"elementor-widget-container\">\n\t\t\t\t\t\t\t<form class=\"elementor-form\" method=\"post\" name=\"Nuevo formulario\" aria-label=\"Nuevo formulario\">\n\t\t\t<input type=\"hidden\" name=\"post_id\" value=\"3358\"\/>\n\t\t\t<input type=\"hidden\" name=\"form_id\" value=\"07c9a03\"\/>\n\t\t\t<input type=\"hidden\" name=\"referer_title\" value=\"P\u00e1gina de suscripci\u00f3n - Restaurante &amp; Bodega Haza del Lino\" \/>\n\n\t\t\t\t\t\t\t<input type=\"hidden\" name=\"queried_id\" value=\"3358\"\/>\n\t\t\t\n\t\t\t<div class=\"elementor-form-fields-wrapper elementor-labels-above\">\n\t\t\t\t\t\t\t\t<div class=\"elementor-field-type-text elementor-field-group elementor-column elementor-field-group-email elementor-col-50 elementor-field-required\">\n\t\t\t\t\t\t\t\t\t\t\t\t\t<input size=\"1\" type=\"text\" name=\"form_fields[email]\" id=\"form-field-email\" class=\"elementor-field elementor-size-sm  elementor-field-textual\" placeholder=\"Nombre\" required=\"required\">\n\t\t\t\t\t\t\t\t\t\t\t<\/div>\n\t\t\t\t\t\t\t\t<div class=\"elementor-field-type-email elementor-field-group elementor-column elementor-field-group-field_484bdce elementor-col-50 elementor-field-required\">\n\t\t\t\t\t\t\t\t\t\t\t\t\t<input size=\"1\" type=\"email\" name=\"form_fields[field_484bdce]\" id=\"form-field-field_484bdce\" class=\"elementor-field elementor-size-sm  elementor-field-textual\" placeholder=\"Correo electr\u00f3nico\" required=\"required\">\n\t\t\t\t\t\t\t\t\t\t\t<\/div>\n\t\t\t\t\t\t\t\t<div class=\"elementor-field-type-acceptance elementor-field-group elementor-column elementor-field-group-field_07abe42 elementor-col-100 elementor-field-required\">\n\t\t\t\t\t\t\t<div class=\"elementor-field-subgroup\">\n\t\t\t<span class=\"elementor-field-option\">\n\t\t\t\t<input type=\"checkbox\" name=\"form_fields[field_07abe42]\" id=\"form-field-field_07abe42\" class=\"elementor-field elementor-size-sm  elementor-acceptance-field\" required=\"required\">\n\t\t\t\t<label for=\"form-field-field_07abe42\">He le\u00eddo y acepto la pol\u00edtica de privacidad y tratamiento de datos.<\/label>\t\t\t<\/span>\n\t\t<\/div>\n\t\t\t\t\t\t<\/div>\n\t\t\t\t\t\t\t\t<div class=\"elementor-field-group elementor-column elementor-field-type-submit elementor-col-100 e-form__buttons\">\n\t\t\t\t\t<button class=\"elementor-button elementor-size-sm\" type=\"submit\">\n\t\t\t\t\t\t<span class=\"elementor-button-content-wrapper\">\n\t\t\t\t\t\t\t\t\t\t\t\t\t\t\t\t\t\t\t\t\t\t<span class=\"elementor-button-text\">Enviar<\/span>\n\t\t\t\t\t\t\t\t\t\t\t\t\t<\/span>\n\t\t\t\t\t<\/button>\n\t\t\t\t<\/div>\n\t\t\t<\/div>\n\t\t<\/form>\n\t\t\t\t\t\t<\/div>\n\t\t\t\t<\/div>\n\t\t\t\t\t<\/div>\n\t\t<\/div>\n\t\t\t\t\t<\/div>\n\t\t<\/section>\n\t\t\t\t\t<\/div>\n\t\t<\/div>\n\t\t\t\t\t<\/div>\n\t\t<\/section>\n\t\t\t\t<\/div>\n\t\t","protected":false},"excerpt":{"rendered":"<p>Suscr\u00edbete y gana una comida en nuestro restaurante m\u00e1s una visita a la bodega para dos personas<\/p>","protected":false},"author":1,"featured_media":0,"parent":0,"menu_order":0,"comment_status":"closed","ping_status":"closed","template":"elementor_canvas","meta":{"_mbp_gutenberg_autopost":false,"footnotes":""},"class_list":["post-3358","page","type-page","status-publish","hentry"],"yoast_head":"<!-- This site is optimized with the Yoast SEO plugin v27.5 - https:\/\/yoast.com\/product\/yoast-seo-wordpress\/ -->\n<title>P\u00e1gina de suscripci\u00f3n - Restaurante &amp; Bodega Haza del Lino<\/title>\n<meta name=\"robots\" content=\"index, follow, max-snippet:-1, max-image-preview:large, max-video-preview:-1\" \/>\n<link rel=\"canonical\" href=\"https:\/\/www.hazadellino.com\/en\/pagina-de-suscripcion\/\" \/>\n<meta property=\"og:locale\" content=\"en_GB\" \/>\n<meta property=\"og:type\" content=\"article\" \/>\n<meta property=\"og:title\" content=\"P\u00e1gina de suscripci\u00f3n - Restaurante &amp; Bodega Haza del Lino\" \/>\n<meta property=\"og:description\" content=\"Suscr\u00edbete y gana una comida en nuestro restaurante m\u00e1s una visita a la bodega para dos personas\" \/>\n<meta property=\"og:url\" content=\"https:\/\/www.hazadellino.com\/en\/pagina-de-suscripcion\/\" \/>\n<meta property=\"og:site_name\" content=\"Restaurante &amp; Bodega Haza del Lino\" \/>\n<meta property=\"article:modified_time\" content=\"2024-02-08T19:32:20+00:00\" \/>\n<meta property=\"og:image\" content=\"https:\/\/www.hazadellino.com\/wp-content\/uploads\/2020\/03\/cropped-logotipo_haza-del-lino@2x.png\" \/>\n<meta name=\"twitter:card\" content=\"summary_large_image\" \/>\n<meta name=\"twitter:label1\" content=\"Estimated reading time\" \/>\n\t<meta name=\"twitter:data1\" content=\"1 minute\" \/>\n<script type=\"application\/ld+json\" class=\"yoast-schema-graph\">{\"@context\":\"https:\\\/\\\/schema.org\",\"@graph\":[{\"@type\":\"WebPage\",\"@id\":\"https:\\\/\\\/www.hazadellino.com\\\/pagina-de-suscripcion\\\/\",\"url\":\"https:\\\/\\\/www.hazadellino.com\\\/pagina-de-suscripcion\\\/\",\"name\":\"P\u00e1gina de suscripci\u00f3n - Restaurante &amp; Bodega Haza del Lino\",\"isPartOf\":{\"@id\":\"https:\\\/\\\/www.hazadellino.com\\\/#website\"},\"primaryImageOfPage\":{\"@id\":\"https:\\\/\\\/www.hazadellino.com\\\/pagina-de-suscripcion\\\/#primaryimage\"},\"image\":{\"@id\":\"https:\\\/\\\/www.hazadellino.com\\\/pagina-de-suscripcion\\\/#primaryimage\"},\"thumbnailUrl\":\"https:\\\/\\\/www.hazadellino.com\\\/wp-content\\\/uploads\\\/2020\\\/03\\\/cropped-logotipo_haza-del-lino@2x.png\",\"datePublished\":\"2024-02-08T19:17:24+00:00\",\"dateModified\":\"2024-02-08T19:32:20+00:00\",\"breadcrumb\":{\"@id\":\"https:\\\/\\\/www.hazadellino.com\\\/pagina-de-suscripcion\\\/#breadcrumb\"},\"inLanguage\":\"en-GB\",\"potentialAction\":[{\"@type\":\"ReadAction\",\"target\":[\"https:\\\/\\\/www.hazadellino.com\\\/pagina-de-suscripcion\\\/\"]}]},{\"@type\":\"ImageObject\",\"inLanguage\":\"en-GB\",\"@id\":\"https:\\\/\\\/www.hazadellino.com\\\/pagina-de-suscripcion\\\/#primaryimage\",\"url\":\"https:\\\/\\\/www.hazadellino.com\\\/wp-content\\\/uploads\\\/2020\\\/03\\\/cropped-logotipo_haza-del-lino@2x.png\",\"contentUrl\":\"https:\\\/\\\/www.hazadellino.com\\\/wp-content\\\/uploads\\\/2020\\\/03\\\/cropped-logotipo_haza-del-lino@2x.png\"},{\"@type\":\"BreadcrumbList\",\"@id\":\"https:\\\/\\\/www.hazadellino.com\\\/pagina-de-suscripcion\\\/#breadcrumb\",\"itemListElement\":[{\"@type\":\"ListItem\",\"position\":1,\"name\":\"Portada\",\"item\":\"https:\\\/\\\/www.hazadellino.com\\\/\"},{\"@type\":\"ListItem\",\"position\":2,\"name\":\"P\u00e1gina de suscripci\u00f3n\"}]},{\"@type\":\"WebSite\",\"@id\":\"https:\\\/\\\/www.hazadellino.com\\\/#website\",\"url\":\"https:\\\/\\\/www.hazadellino.com\\\/\",\"name\":\"Restaurante &amp; Bodega Haza del Lino\",\"description\":\"Pasea por los sabores y paisajes &uacute;nicos de la Alpujarra con Haza del Lino. Descubrir la aut&eacute;ntica esencia culinaria y vin&iacute;cola de esta regi&oacute;n ic&oacute;nica.\",\"publisher\":{\"@id\":\"https:\\\/\\\/www.hazadellino.com\\\/#organization\"},\"potentialAction\":[{\"@type\":\"SearchAction\",\"target\":{\"@type\":\"EntryPoint\",\"urlTemplate\":\"https:\\\/\\\/www.hazadellino.com\\\/?s={search_term_string}\"},\"query-input\":{\"@type\":\"PropertyValueSpecification\",\"valueRequired\":true,\"valueName\":\"search_term_string\"}}],\"inLanguage\":\"en-GB\"},{\"@type\":\"Organization\",\"@id\":\"https:\\\/\\\/www.hazadellino.com\\\/#organization\",\"name\":\"Restaurante &amp; Bodega Haza del Lino\",\"url\":\"https:\\\/\\\/www.hazadellino.com\\\/\",\"logo\":{\"@type\":\"ImageObject\",\"inLanguage\":\"en-GB\",\"@id\":\"https:\\\/\\\/www.hazadellino.com\\\/#\\\/schema\\\/logo\\\/image\\\/\",\"url\":\"https:\\\/\\\/www.hazadellino.com\\\/wp-content\\\/uploads\\\/2020\\\/03\\\/cropped-logotipo_haza-del-lino@2x.png\",\"contentUrl\":\"https:\\\/\\\/www.hazadellino.com\\\/wp-content\\\/uploads\\\/2020\\\/03\\\/cropped-logotipo_haza-del-lino@2x.png\",\"width\":512,\"height\":512,\"caption\":\"Restaurante &amp; Bodega Haza del Lino\"},\"image\":{\"@id\":\"https:\\\/\\\/www.hazadellino.com\\\/#\\\/schema\\\/logo\\\/image\\\/\"}}]}<\/script>\n<!-- \/ Yoast SEO plugin. -->","yoast_head_json":{"title":"P\u00e1gina de suscripci\u00f3n - Restaurante &amp; Bodega Haza del Lino","robots":{"index":"index","follow":"follow","max-snippet":"max-snippet:-1","max-image-preview":"max-image-preview:large","max-video-preview":"max-video-preview:-1"},"canonical":"https:\/\/www.hazadellino.com\/en\/pagina-de-suscripcion\/","og_locale":"en_GB","og_type":"article","og_title":"P\u00e1gina de suscripci\u00f3n - Restaurante &amp; Bodega Haza del Lino","og_description":"Suscr\u00edbete y gana una comida en nuestro restaurante m\u00e1s una visita a la bodega para dos personas","og_url":"https:\/\/www.hazadellino.com\/en\/pagina-de-suscripcion\/","og_site_name":"Restaurante &amp; Bodega Haza del Lino","article_modified_time":"2024-02-08T19:32:20+00:00","og_image":[{"url":"https:\/\/www.hazadellino.com\/wp-content\/uploads\/2020\/03\/cropped-logotipo_haza-del-lino@2x.png","type":"","width":"","height":""}],"twitter_card":"summary_large_image","twitter_misc":{"Estimated reading time":"1 minute"},"schema":{"@context":"https:\/\/schema.org","@graph":[{"@type":"WebPage","@id":"https:\/\/www.hazadellino.com\/pagina-de-suscripcion\/","url":"https:\/\/www.hazadellino.com\/pagina-de-suscripcion\/","name":"P\u00e1gina de suscripci\u00f3n - Restaurante &amp; Bodega Haza del Lino","isPartOf":{"@id":"https:\/\/www.hazadellino.com\/#website"},"primaryImageOfPage":{"@id":"https:\/\/www.hazadellino.com\/pagina-de-suscripcion\/#primaryimage"},"image":{"@id":"https:\/\/www.hazadellino.com\/pagina-de-suscripcion\/#primaryimage"},"thumbnailUrl":"https:\/\/www.hazadellino.com\/wp-content\/uploads\/2020\/03\/cropped-logotipo_haza-del-lino@2x.png","datePublished":"2024-02-08T19:17:24+00:00","dateModified":"2024-02-08T19:32:20+00:00","breadcrumb":{"@id":"https:\/\/www.hazadellino.com\/pagina-de-suscripcion\/#breadcrumb"},"inLanguage":"en-GB","potentialAction":[{"@type":"ReadAction","target":["https:\/\/www.hazadellino.com\/pagina-de-suscripcion\/"]}]},{"@type":"ImageObject","inLanguage":"en-GB","@id":"https:\/\/www.hazadellino.com\/pagina-de-suscripcion\/#primaryimage","url":"https:\/\/www.hazadellino.com\/wp-content\/uploads\/2020\/03\/cropped-logotipo_haza-del-lino@2x.png","contentUrl":"https:\/\/www.hazadellino.com\/wp-content\/uploads\/2020\/03\/cropped-logotipo_haza-del-lino@2x.png"},{"@type":"BreadcrumbList","@id":"https:\/\/www.hazadellino.com\/pagina-de-suscripcion\/#breadcrumb","itemListElement":[{"@type":"ListItem","position":1,"name":"Portada","item":"https:\/\/www.hazadellino.com\/"},{"@type":"ListItem","position":2,"name":"P\u00e1gina de suscripci\u00f3n"}]},{"@type":"WebSite","@id":"https:\/\/www.hazadellino.com\/#website","url":"https:\/\/www.hazadellino.com\/","name":"Restaurante &amp; Bodega Haza del Lino","description":"Pasea por los sabores y paisajes &uacute;nicos de la Alpujarra con Haza del Lino. Descubrir la aut&eacute;ntica esencia culinaria y vin&iacute;cola de esta regi&oacute;n ic&oacute;nica.","publisher":{"@id":"https:\/\/www.hazadellino.com\/#organization"},"potentialAction":[{"@type":"SearchAction","target":{"@type":"EntryPoint","urlTemplate":"https:\/\/www.hazadellino.com\/?s={search_term_string}"},"query-input":{"@type":"PropertyValueSpecification","valueRequired":true,"valueName":"search_term_string"}}],"inLanguage":"en-GB"},{"@type":"Organization","@id":"https:\/\/www.hazadellino.com\/#organization","name":"Restaurante &amp; Bodega Haza del Lino","url":"https:\/\/www.hazadellino.com\/","logo":{"@type":"ImageObject","inLanguage":"en-GB","@id":"https:\/\/www.hazadellino.com\/#\/schema\/logo\/image\/","url":"https:\/\/www.hazadellino.com\/wp-content\/uploads\/2020\/03\/cropped-logotipo_haza-del-lino@2x.png","contentUrl":"https:\/\/www.hazadellino.com\/wp-content\/uploads\/2020\/03\/cropped-logotipo_haza-del-lino@2x.png","width":512,"height":512,"caption":"Restaurante &amp; Bodega Haza del Lino"},"image":{"@id":"https:\/\/www.hazadellino.com\/#\/schema\/logo\/image\/"}}]}},"_links":{"self":[{"href":"https:\/\/www.hazadellino.com\/en\/wp-json\/wp\/v2\/pages\/3358","targetHints":{"allow":["GET"]}}],"collection":[{"href":"https:\/\/www.hazadellino.com\/en\/wp-json\/wp\/v2\/pages"}],"about":[{"href":"https:\/\/www.hazadellino.com\/en\/wp-json\/wp\/v2\/types\/page"}],"author":[{"embeddable":true,"href":"https:\/\/www.hazadellino.com\/en\/wp-json\/wp\/v2\/users\/1"}],"replies":[{"embeddable":true,"href":"https:\/\/www.hazadellino.com\/en\/wp-json\/wp\/v2\/comments?post=3358"}],"version-history":[{"count":13,"href":"https:\/\/www.hazadellino.com\/en\/wp-json\/wp\/v2\/pages\/3358\/revisions"}],"predecessor-version":[{"id":3380,"href":"https:\/\/www.hazadellino.com\/en\/wp-json\/wp\/v2\/pages\/3358\/revisions\/3380"}],"wp:attachment":[{"href":"https:\/\/www.hazadellino.com\/en\/wp-json\/wp\/v2\/media?parent=3358"}],"curies":[{"name":"wp","href":"https:\/\/api.w.org\/{rel}","templated":true}]}}